{"id":11794,"date":"2024-09-17T07:22:28","date_gmt":"2024-09-17T06:22:28","guid":{"rendered":"https:\/\/www.signaturebya.com\/?post_type=product&#038;p=11794"},"modified":"2025-03-05T16:45:24","modified_gmt":"2025-03-05T15:45:24","slug":"le-wisdom-vase-en-ceramique","status":"publish","type":"product","link":"https:\/\/www.signaturebya.com\/?product=le-wisdom-vase-en-ceramique","title":{"rendered":"Le &lsquo;Wisdom&rsquo; Vase en C\u00e9ramique"},"content":{"rendered":"","protected":false},"excerpt":{"rendered":"<p>Chic et color\u00e9, ce vase est tout \u00e0 fait original pour offrir ou \u00e0 s&rsquo;offrir.<\/p>\n<p>Disponible en deux dimensions:<\/p>\n<p class=\"p1\">16.5*11*31 cm<\/p>\n<p class=\"p1\">15.5*12*21.5 cm<\/p>\n<p>&nbsp;<\/p>\n","protected":false},"featured_media":11803,"comment_status":"open","ping_status":"closed","template":"","meta":[],"product_cat":[103,104,284],"product_tag":[],"_links":{"self":[{"href":"https:\/\/www.signaturebya.com\/index.php?rest_route=\/wp\/v2\/product\/11794"}],"collection":[{"href":"https:\/\/www.signaturebya.com\/index.php?rest_route=\/wp\/v2\/product"}],"about":[{"href":"https:\/\/www.signaturebya.com\/index.php?rest_route=\/wp\/v2\/types\/product"}],"replies":[{"embeddable":true,"href":"https:\/\/www.signaturebya.com\/index.php?rest_route=%2Fwp%2Fv2%2Fcomments&post=11794"}],"wp:featuredmedia":[{"embeddable":true,"href":"https:\/\/www.signaturebya.com\/index.php?rest_route=\/wp\/v2\/media\/11803"}],"wp:attachment":[{"href":"https:\/\/www.signaturebya.com\/index.php?rest_route=%2Fwp%2Fv2%2Fmedia&parent=11794"}],"wp:term":[{"taxonomy":"product_cat","embeddable":true,"href":"https:\/\/www.signaturebya.com\/index.php?rest_route=%2Fwp%2Fv2%2Fproduct_cat&post=11794"},{"taxonomy":"product_tag","embeddable":true,"href":"https:\/\/www.signaturebya.com\/index.php?rest_route=%2Fwp%2Fv2%2Fproduct_tag&post=11794"}],"curies":[{"name":"wp","href":"https:\/\/api.w.org\/{rel}","templated":true}]}}