{"id":11842,"date":"2024-09-19T07:27:45","date_gmt":"2024-09-19T06:27:45","guid":{"rendered":"https:\/\/www.signaturebya.com\/?post_type=product&#038;p=11842"},"modified":"2024-09-19T07:37:28","modified_gmt":"2024-09-19T06:37:28","slug":"vase-black-white-a-3-anses","status":"publish","type":"product","link":"https:\/\/www.signaturebya.com\/?product=vase-black-white-a-3-anses","title":{"rendered":"Vase Black&#038; White \u00e0 3 anses"},"content":{"rendered":"","protected":false},"excerpt":{"rendered":"<p>Tr\u00e8s beaux vases \u00e0 cercles noirs, tr\u00e8s originaux avec leur 3 anses.<\/p>\n<p>Disponible en deux dimensions:<\/p>\n<p class=\"p1\">18*18*28 cm<\/p>\n<p class=\"p1\">16*16*22.7 cm<\/p>\n","protected":false},"featured_media":11849,"comment_status":"open","ping_status":"closed","template":"","meta":[],"product_cat":[103,104,284,112],"product_tag":[],"_links":{"self":[{"href":"https:\/\/www.signaturebya.com\/index.php?rest_route=\/wp\/v2\/product\/11842"}],"collection":[{"href":"https:\/\/www.signaturebya.com\/index.php?rest_route=\/wp\/v2\/product"}],"about":[{"href":"https:\/\/www.signaturebya.com\/index.php?rest_route=\/wp\/v2\/types\/product"}],"replies":[{"embeddable":true,"href":"https:\/\/www.signaturebya.com\/index.php?rest_route=%2Fwp%2Fv2%2Fcomments&post=11842"}],"wp:featuredmedia":[{"embeddable":true,"href":"https:\/\/www.signaturebya.com\/index.php?rest_route=\/wp\/v2\/media\/11849"}],"wp:attachment":[{"href":"https:\/\/www.signaturebya.com\/index.php?rest_route=%2Fwp%2Fv2%2Fmedia&parent=11842"}],"wp:term":[{"taxonomy":"product_cat","embeddable":true,"href":"https:\/\/www.signaturebya.com\/index.php?rest_route=%2Fwp%2Fv2%2Fproduct_cat&post=11842"},{"taxonomy":"product_tag","embeddable":true,"href":"https:\/\/www.signaturebya.com\/index.php?rest_route=%2Fwp%2Fv2%2Fproduct_tag&post=11842"}],"curies":[{"name":"wp","href":"https:\/\/api.w.org\/{rel}","templated":true}]}}