{"id":11855,"date":"2024-09-19T07:38:02","date_gmt":"2024-09-19T06:38:02","guid":{"rendered":"https:\/\/www.signaturebya.com\/?post_type=product&#038;p=11855"},"modified":"2024-09-19T08:00:00","modified_gmt":"2024-09-19T07:00:00","slug":"lastral-vase-grege-en-ceramique","status":"publish","type":"product","link":"https:\/\/www.signaturebya.com\/?product=lastral-vase-grege-en-ceramique","title":{"rendered":"L&rsquo;Astral Vase Gr\u00e8ge en C\u00e9ramique"},"content":{"rendered":"","protected":false},"excerpt":{"rendered":"<p>Vase en c\u00e9ramique chic et \u00e9l\u00e9gant.<\/p>\n<p>Dimensions:<\/p>\n<p class=\"p1\">26*26*30 cm<\/p>\n","protected":false},"featured_media":11859,"comment_status":"open","ping_status":"closed","template":"","meta":[],"product_cat":[103,104,284],"product_tag":[],"_links":{"self":[{"href":"https:\/\/www.signaturebya.com\/index.php?rest_route=\/wp\/v2\/product\/11855"}],"collection":[{"href":"https:\/\/www.signaturebya.com\/index.php?rest_route=\/wp\/v2\/product"}],"about":[{"href":"https:\/\/www.signaturebya.com\/index.php?rest_route=\/wp\/v2\/types\/product"}],"replies":[{"embeddable":true,"href":"https:\/\/www.signaturebya.com\/index.php?rest_route=%2Fwp%2Fv2%2Fcomments&post=11855"}],"wp:featuredmedia":[{"embeddable":true,"href":"https:\/\/www.signaturebya.com\/index.php?rest_route=\/wp\/v2\/media\/11859"}],"wp:attachment":[{"href":"https:\/\/www.signaturebya.com\/index.php?rest_route=%2Fwp%2Fv2%2Fmedia&parent=11855"}],"wp:term":[{"taxonomy":"product_cat","embeddable":true,"href":"https:\/\/www.signaturebya.com\/index.php?rest_route=%2Fwp%2Fv2%2Fproduct_cat&post=11855"},{"taxonomy":"product_tag","embeddable":true,"href":"https:\/\/www.signaturebya.com\/index.php?rest_route=%2Fwp%2Fv2%2Fproduct_tag&post=11855"}],"curies":[{"name":"wp","href":"https:\/\/api.w.org\/{rel}","templated":true}]}}