{"id":11866,"date":"2024-09-19T09:33:32","date_gmt":"2024-09-19T08:33:32","guid":{"rendered":"https:\/\/www.signaturebya.com\/?post_type=product&#038;p=11866"},"modified":"2024-09-27T15:57:29","modified_gmt":"2024-09-27T14:57:29","slug":"le-black-white-geometrique","status":"publish","type":"product","link":"https:\/\/www.signaturebya.com\/?product=le-black-white-geometrique","title":{"rendered":"Le Black &#038; White G\u00e9om\u00e9trique"},"content":{"rendered":"","protected":false},"excerpt":{"rendered":"<p>Tr\u00e8s beaux vases \u00e0 motifs g\u00e9om\u00e9triques, imposants et tendance.<\/p>\n<p>Disponible en deux dimensions:<\/p>\n<p class=\"p1\">31.5*12*20.5 cm<\/p>\n<p class=\"p1\">28*12.5*33 cm<\/p>\n","protected":false},"featured_media":11876,"comment_status":"open","ping_status":"closed","template":"","meta":[],"product_cat":[103,104,284,112],"product_tag":[],"_links":{"self":[{"href":"https:\/\/www.signaturebya.com\/index.php?rest_route=\/wp\/v2\/product\/11866"}],"collection":[{"href":"https:\/\/www.signaturebya.com\/index.php?rest_route=\/wp\/v2\/product"}],"about":[{"href":"https:\/\/www.signaturebya.com\/index.php?rest_route=\/wp\/v2\/types\/product"}],"replies":[{"embeddable":true,"href":"https:\/\/www.signaturebya.com\/index.php?rest_route=%2Fwp%2Fv2%2Fcomments&post=11866"}],"wp:featuredmedia":[{"embeddable":true,"href":"https:\/\/www.signaturebya.com\/index.php?rest_route=\/wp\/v2\/media\/11876"}],"wp:attachment":[{"href":"https:\/\/www.signaturebya.com\/index.php?rest_route=%2Fwp%2Fv2%2Fmedia&parent=11866"}],"wp:term":[{"taxonomy":"product_cat","embeddable":true,"href":"https:\/\/www.signaturebya.com\/index.php?rest_route=%2Fwp%2Fv2%2Fproduct_cat&post=11866"},{"taxonomy":"product_tag","embeddable":true,"href":"https:\/\/www.signaturebya.com\/index.php?rest_route=%2Fwp%2Fv2%2Fproduct_tag&post=11866"}],"curies":[{"name":"wp","href":"https:\/\/api.w.org\/{rel}","templated":true}]}}