{"id":11925,"date":"2024-09-23T08:01:51","date_gmt":"2024-09-23T07:01:51","guid":{"rendered":"https:\/\/www.signaturebya.com\/?post_type=product&#038;p=11925"},"modified":"2026-04-08T17:47:00","modified_gmt":"2026-04-08T16:47:00","slug":"vase-en-ciment-a-petites-perles","status":"publish","type":"product","link":"https:\/\/www.signaturebya.com\/?product=vase-en-ciment-a-petites-perles","title":{"rendered":"Vase en Ciment \u00e0 Petites Perles"},"content":{"rendered":"","protected":false},"excerpt":{"rendered":"<p>Un joli vase orn\u00e9 de perles en ciment, de couleur gr\u00e8ge, se fondant dans tout int\u00e9rieur.<\/p>\n<p>Disponible en deux dimensions:<\/p>\n<p class=\"p1\">17*17*19 cm<\/p>\n<p class=\"p1\">21*21*24 cm<\/p>\n","protected":false},"featured_media":11933,"comment_status":"open","ping_status":"closed","template":"","meta":[],"product_cat":[336,103,243,284,112],"product_tag":[],"_links":{"self":[{"href":"https:\/\/www.signaturebya.com\/index.php?rest_route=\/wp\/v2\/product\/11925"}],"collection":[{"href":"https:\/\/www.signaturebya.com\/index.php?rest_route=\/wp\/v2\/product"}],"about":[{"href":"https:\/\/www.signaturebya.com\/index.php?rest_route=\/wp\/v2\/types\/product"}],"replies":[{"embeddable":true,"href":"https:\/\/www.signaturebya.com\/index.php?rest_route=%2Fwp%2Fv2%2Fcomments&post=11925"}],"wp:featuredmedia":[{"embeddable":true,"href":"https:\/\/www.signaturebya.com\/index.php?rest_route=\/wp\/v2\/media\/11933"}],"wp:attachment":[{"href":"https:\/\/www.signaturebya.com\/index.php?rest_route=%2Fwp%2Fv2%2Fmedia&parent=11925"}],"wp:term":[{"taxonomy":"product_cat","embeddable":true,"href":"https:\/\/www.signaturebya.com\/index.php?rest_route=%2Fwp%2Fv2%2Fproduct_cat&post=11925"},{"taxonomy":"product_tag","embeddable":true,"href":"https:\/\/www.signaturebya.com\/index.php?rest_route=%2Fwp%2Fv2%2Fproduct_tag&post=11925"}],"curies":[{"name":"wp","href":"https:\/\/api.w.org\/{rel}","templated":true}]}}