{"id":11956,"date":"2024-09-26T08:10:06","date_gmt":"2024-09-26T07:10:06","guid":{"rendered":"https:\/\/www.signaturebya.com\/?post_type=product&#038;p=11956"},"modified":"2026-04-08T17:45:30","modified_gmt":"2026-04-08T16:45:30","slug":"le-grand-hand-pinch-vase-en-ciment","status":"publish","type":"product","link":"https:\/\/www.signaturebya.com\/?product=le-grand-hand-pinch-vase-en-ciment","title":{"rendered":"Le Grand &lsquo;Hand Pinch&rsquo; Vase en Ciment"},"content":{"rendered":"","protected":false},"excerpt":{"rendered":"<p>Tr\u00e8s beau vase travaill\u00e9 \u00e0 la main, \u00e0 mettre id\u00e9alement sur une console d&rsquo;entr\u00e9e<\/p>\n<p>Dimensions:<\/p>\n<p class=\"p1\">27.5*27.5* 36 cm<\/p>\n","protected":false},"featured_media":11958,"comment_status":"open","ping_status":"closed","template":"","meta":[],"product_cat":[336,103,105,284],"product_tag":[],"_links":{"self":[{"href":"https:\/\/www.signaturebya.com\/index.php?rest_route=\/wp\/v2\/product\/11956"}],"collection":[{"href":"https:\/\/www.signaturebya.com\/index.php?rest_route=\/wp\/v2\/product"}],"about":[{"href":"https:\/\/www.signaturebya.com\/index.php?rest_route=\/wp\/v2\/types\/product"}],"replies":[{"embeddable":true,"href":"https:\/\/www.signaturebya.com\/index.php?rest_route=%2Fwp%2Fv2%2Fcomments&post=11956"}],"wp:featuredmedia":[{"embeddable":true,"href":"https:\/\/www.signaturebya.com\/index.php?rest_route=\/wp\/v2\/media\/11958"}],"wp:attachment":[{"href":"https:\/\/www.signaturebya.com\/index.php?rest_route=%2Fwp%2Fv2%2Fmedia&parent=11956"}],"wp:term":[{"taxonomy":"product_cat","embeddable":true,"href":"https:\/\/www.signaturebya.com\/index.php?rest_route=%2Fwp%2Fv2%2Fproduct_cat&post=11956"},{"taxonomy":"product_tag","embeddable":true,"href":"https:\/\/www.signaturebya.com\/index.php?rest_route=%2Fwp%2Fv2%2Fproduct_tag&post=11956"}],"curies":[{"name":"wp","href":"https:\/\/api.w.org\/{rel}","templated":true}]}}