{"id":11978,"date":"2024-09-27T13:52:23","date_gmt":"2024-09-27T12:52:23","guid":{"rendered":"https:\/\/www.signaturebya.com\/?post_type=product&#038;p=11978"},"modified":"2026-04-08T17:40:44","modified_gmt":"2026-04-08T16:40:44","slug":"le-ink-vase-en-resine","status":"publish","type":"product","link":"https:\/\/www.signaturebya.com\/?product=le-ink-vase-en-resine","title":{"rendered":"Le &lsquo;Ink&rsquo; Vase en R\u00e9sine"},"content":{"rendered":"","protected":false},"excerpt":{"rendered":"<p>Le Ink Vase est un vase tr\u00e8s tendance, \u00e0 disposer sur une console d&rsquo;entr\u00e9e avec son vide poche assorti.<\/p>\n<p>Disponible en deux dimensions:<\/p>\n<p class=\"p1\">25.5*11*39.2 cm<\/p>\n<p class=\"p1\">22*11*30.5 cm<\/p>\n","protected":false},"featured_media":11990,"comment_status":"open","ping_status":"closed","template":"","meta":[],"product_cat":[103,119,105,284,112],"product_tag":[],"_links":{"self":[{"href":"https:\/\/www.signaturebya.com\/index.php?rest_route=\/wp\/v2\/product\/11978"}],"collection":[{"href":"https:\/\/www.signaturebya.com\/index.php?rest_route=\/wp\/v2\/product"}],"about":[{"href":"https:\/\/www.signaturebya.com\/index.php?rest_route=\/wp\/v2\/types\/product"}],"replies":[{"embeddable":true,"href":"https:\/\/www.signaturebya.com\/index.php?rest_route=%2Fwp%2Fv2%2Fcomments&post=11978"}],"wp:featuredmedia":[{"embeddable":true,"href":"https:\/\/www.signaturebya.com\/index.php?rest_route=\/wp\/v2\/media\/11990"}],"wp:attachment":[{"href":"https:\/\/www.signaturebya.com\/index.php?rest_route=%2Fwp%2Fv2%2Fmedia&parent=11978"}],"wp:term":[{"taxonomy":"product_cat","embeddable":true,"href":"https:\/\/www.signaturebya.com\/index.php?rest_route=%2Fwp%2Fv2%2Fproduct_cat&post=11978"},{"taxonomy":"product_tag","embeddable":true,"href":"https:\/\/www.signaturebya.com\/index.php?rest_route=%2Fwp%2Fv2%2Fproduct_tag&post=11978"}],"curies":[{"name":"wp","href":"https:\/\/api.w.org\/{rel}","templated":true}]}}