{"id":12016,"date":"2024-09-27T15:21:16","date_gmt":"2024-09-27T14:21:16","guid":{"rendered":"https:\/\/www.signaturebya.com\/?post_type=product&#038;p=12016"},"modified":"2026-04-08T17:37:19","modified_gmt":"2026-04-08T16:37:19","slug":"vase-multi-cercles-en-verre-marron","status":"publish","type":"product","link":"https:\/\/www.signaturebya.com\/?product=vase-multi-cercles-en-verre-marron","title":{"rendered":"Vase Multi-Cercles en Verre Marron"},"content":{"rendered":"","protected":false},"excerpt":{"rendered":"<p>Vases tr\u00e8s l\u00e9gers \u00e0 disposer sur une table basse avec de jolies fleurs.<\/p>\n<p>Disponible en deux dimensions:<\/p>\n<p class=\"p1\">18*18*19.5 cm<\/p>\n<p class=\"p1\">21*21*23.5 cm<\/p>\n","protected":false},"featured_media":12012,"comment_status":"open","ping_status":"closed","template":"","meta":[],"product_cat":[103,105,106,284,112],"product_tag":[],"_links":{"self":[{"href":"https:\/\/www.signaturebya.com\/index.php?rest_route=\/wp\/v2\/product\/12016"}],"collection":[{"href":"https:\/\/www.signaturebya.com\/index.php?rest_route=\/wp\/v2\/product"}],"about":[{"href":"https:\/\/www.signaturebya.com\/index.php?rest_route=\/wp\/v2\/types\/product"}],"replies":[{"embeddable":true,"href":"https:\/\/www.signaturebya.com\/index.php?rest_route=%2Fwp%2Fv2%2Fcomments&post=12016"}],"wp:featuredmedia":[{"embeddable":true,"href":"https:\/\/www.signaturebya.com\/index.php?rest_route=\/wp\/v2\/media\/12012"}],"wp:attachment":[{"href":"https:\/\/www.signaturebya.com\/index.php?rest_route=%2Fwp%2Fv2%2Fmedia&parent=12016"}],"wp:term":[{"taxonomy":"product_cat","embeddable":true,"href":"https:\/\/www.signaturebya.com\/index.php?rest_route=%2Fwp%2Fv2%2Fproduct_cat&post=12016"},{"taxonomy":"product_tag","embeddable":true,"href":"https:\/\/www.signaturebya.com\/index.php?rest_route=%2Fwp%2Fv2%2Fproduct_tag&post=12016"}],"curies":[{"name":"wp","href":"https:\/\/api.w.org\/{rel}","templated":true}]}}