{"id":12037,"date":"2024-10-03T07:31:14","date_gmt":"2024-10-03T06:31:14","guid":{"rendered":"https:\/\/www.signaturebya.com\/?post_type=product&#038;p=12037"},"modified":"2026-04-08T17:33:16","modified_gmt":"2026-04-08T16:33:16","slug":"sculpture-torsadee-blanche-en-resine-b","status":"publish","type":"product","link":"https:\/\/www.signaturebya.com\/?product=sculpture-torsadee-blanche-en-resine-b","title":{"rendered":"Sculpture Torsad\u00e9e Blanche en R\u00e9sine B"},"content":{"rendered":"","protected":false},"excerpt":{"rendered":"<p>Tr\u00e8s belle sculpture torsad\u00e9e, minimaliste et chic<\/p>\n<p>Dimensions:<\/p>\n<p class=\"p1\">22.2*10.5*34 cm<\/p>\n","protected":false},"featured_media":12033,"comment_status":"open","ping_status":"closed","template":"","meta":[],"product_cat":[103,119,284,112],"product_tag":[],"_links":{"self":[{"href":"https:\/\/www.signaturebya.com\/index.php?rest_route=\/wp\/v2\/product\/12037"}],"collection":[{"href":"https:\/\/www.signaturebya.com\/index.php?rest_route=\/wp\/v2\/product"}],"about":[{"href":"https:\/\/www.signaturebya.com\/index.php?rest_route=\/wp\/v2\/types\/product"}],"replies":[{"embeddable":true,"href":"https:\/\/www.signaturebya.com\/index.php?rest_route=%2Fwp%2Fv2%2Fcomments&post=12037"}],"wp:featuredmedia":[{"embeddable":true,"href":"https:\/\/www.signaturebya.com\/index.php?rest_route=\/wp\/v2\/media\/12033"}],"wp:attachment":[{"href":"https:\/\/www.signaturebya.com\/index.php?rest_route=%2Fwp%2Fv2%2Fmedia&parent=12037"}],"wp:term":[{"taxonomy":"product_cat","embeddable":true,"href":"https:\/\/www.signaturebya.com\/index.php?rest_route=%2Fwp%2Fv2%2Fproduct_cat&post=12037"},{"taxonomy":"product_tag","embeddable":true,"href":"https:\/\/www.signaturebya.com\/index.php?rest_route=%2Fwp%2Fv2%2Fproduct_tag&post=12037"}],"curies":[{"name":"wp","href":"https:\/\/api.w.org\/{rel}","templated":true}]}}