{"id":12038,"date":"2024-10-03T07:36:27","date_gmt":"2024-10-03T06:36:27","guid":{"rendered":"https:\/\/www.signaturebya.com\/?post_type=product&#038;p=12038"},"modified":"2026-04-08T17:32:41","modified_gmt":"2026-04-08T16:32:41","slug":"sculpture-torsadee-taupe-en-resine-a","status":"publish","type":"product","link":"https:\/\/www.signaturebya.com\/?product=sculpture-torsadee-taupe-en-resine-a","title":{"rendered":"Sculpture Torsad\u00e9e Taupe en R\u00e9sine A"},"content":{"rendered":"","protected":false},"excerpt":{"rendered":"<p>Tr\u00e8s belle sculpture torsad\u00e9e, minimaliste et chic<\/p>\n<p>Dimensions:<\/p>\n<p class=\"p1\">18.7*11.3*45.5 cm<\/p>\n","protected":false},"featured_media":12034,"comment_status":"open","ping_status":"closed","template":"","meta":[],"product_cat":[103,119,284,112],"product_tag":[],"_links":{"self":[{"href":"https:\/\/www.signaturebya.com\/index.php?rest_route=\/wp\/v2\/product\/12038"}],"collection":[{"href":"https:\/\/www.signaturebya.com\/index.php?rest_route=\/wp\/v2\/product"}],"about":[{"href":"https:\/\/www.signaturebya.com\/index.php?rest_route=\/wp\/v2\/types\/product"}],"replies":[{"embeddable":true,"href":"https:\/\/www.signaturebya.com\/index.php?rest_route=%2Fwp%2Fv2%2Fcomments&post=12038"}],"wp:featuredmedia":[{"embeddable":true,"href":"https:\/\/www.signaturebya.com\/index.php?rest_route=\/wp\/v2\/media\/12034"}],"wp:attachment":[{"href":"https:\/\/www.signaturebya.com\/index.php?rest_route=%2Fwp%2Fv2%2Fmedia&parent=12038"}],"wp:term":[{"taxonomy":"product_cat","embeddable":true,"href":"https:\/\/www.signaturebya.com\/index.php?rest_route=%2Fwp%2Fv2%2Fproduct_cat&post=12038"},{"taxonomy":"product_tag","embeddable":true,"href":"https:\/\/www.signaturebya.com\/index.php?rest_route=%2Fwp%2Fv2%2Fproduct_tag&post=12038"}],"curies":[{"name":"wp","href":"https:\/\/api.w.org\/{rel}","templated":true}]}}