{"id":12077,"date":"2024-10-05T07:49:30","date_gmt":"2024-10-05T06:49:30","guid":{"rendered":"https:\/\/www.signaturebya.com\/?post_type=product&#038;p=12077"},"modified":"2026-04-08T17:29:14","modified_gmt":"2026-04-08T16:29:14","slug":"le-bubble-vase-gris-degrade-en-verre","status":"publish","type":"product","link":"https:\/\/www.signaturebya.com\/?product=le-bubble-vase-gris-degrade-en-verre","title":{"rendered":"Le Bubble Vase Gris D\u00e9grad\u00e9 en Verre"},"content":{"rendered":"","protected":false},"excerpt":{"rendered":"<p>Magnifique vase en verre sabl\u00e9 fin, fait main.<\/p>\n<p>Disponible en deux dimensions:<\/p>\n<p class=\"p1\">15*7*24 cm<\/p>\n<p class=\"p1\">19*7*33.5 cm<\/p>\n","protected":false},"featured_media":12080,"comment_status":"open","ping_status":"closed","template":"","meta":[],"product_cat":[103,105,106,284,113],"product_tag":[],"_links":{"self":[{"href":"https:\/\/www.signaturebya.com\/index.php?rest_route=\/wp\/v2\/product\/12077"}],"collection":[{"href":"https:\/\/www.signaturebya.com\/index.php?rest_route=\/wp\/v2\/product"}],"about":[{"href":"https:\/\/www.signaturebya.com\/index.php?rest_route=\/wp\/v2\/types\/product"}],"replies":[{"embeddable":true,"href":"https:\/\/www.signaturebya.com\/index.php?rest_route=%2Fwp%2Fv2%2Fcomments&post=12077"}],"wp:featuredmedia":[{"embeddable":true,"href":"https:\/\/www.signaturebya.com\/index.php?rest_route=\/wp\/v2\/media\/12080"}],"wp:attachment":[{"href":"https:\/\/www.signaturebya.com\/index.php?rest_route=%2Fwp%2Fv2%2Fmedia&parent=12077"}],"wp:term":[{"taxonomy":"product_cat","embeddable":true,"href":"https:\/\/www.signaturebya.com\/index.php?rest_route=%2Fwp%2Fv2%2Fproduct_cat&post=12077"},{"taxonomy":"product_tag","embeddable":true,"href":"https:\/\/www.signaturebya.com\/index.php?rest_route=%2Fwp%2Fv2%2Fproduct_tag&post=12077"}],"curies":[{"name":"wp","href":"https:\/\/api.w.org\/{rel}","templated":true}]}}