{"id":12095,"date":"2024-10-20T19:03:18","date_gmt":"2024-10-20T18:03:18","guid":{"rendered":"https:\/\/www.signaturebya.com\/?post_type=product&#038;p=12095"},"modified":"2024-10-21T13:25:57","modified_gmt":"2024-10-21T12:25:57","slug":"livre-decoratif-tarkovsky","status":"publish","type":"product","link":"https:\/\/www.signaturebya.com\/?product=livre-decoratif-tarkovsky","title":{"rendered":"Livre d\u00e9coratif &lsquo;TarKovsky&rsquo;"},"content":{"rendered":"","protected":false},"excerpt":{"rendered":"<p>Livres d\u00e9coratifs, simples et beaux. Il s&rsquo;agit de vraies pages imprim\u00e9es, architecture, art etc&#8230;\u00c0 disposer en pile sur une table basse, ou en rang\u00e9es sur une belle biblioth\u00e8que.<\/p>\n<p class=\"p1\">Dimensions : 27*19*2.2 cm<\/p>\n","protected":false},"featured_media":12097,"comment_status":"open","ping_status":"closed","template":"","meta":[],"product_cat":[103,109,284],"product_tag":[],"_links":{"self":[{"href":"https:\/\/www.signaturebya.com\/index.php?rest_route=\/wp\/v2\/product\/12095"}],"collection":[{"href":"https:\/\/www.signaturebya.com\/index.php?rest_route=\/wp\/v2\/product"}],"about":[{"href":"https:\/\/www.signaturebya.com\/index.php?rest_route=\/wp\/v2\/types\/product"}],"replies":[{"embeddable":true,"href":"https:\/\/www.signaturebya.com\/index.php?rest_route=%2Fwp%2Fv2%2Fcomments&post=12095"}],"wp:featuredmedia":[{"embeddable":true,"href":"https:\/\/www.signaturebya.com\/index.php?rest_route=\/wp\/v2\/media\/12097"}],"wp:attachment":[{"href":"https:\/\/www.signaturebya.com\/index.php?rest_route=%2Fwp%2Fv2%2Fmedia&parent=12095"}],"wp:term":[{"taxonomy":"product_cat","embeddable":true,"href":"https:\/\/www.signaturebya.com\/index.php?rest_route=%2Fwp%2Fv2%2Fproduct_cat&post=12095"},{"taxonomy":"product_tag","embeddable":true,"href":"https:\/\/www.signaturebya.com\/index.php?rest_route=%2Fwp%2Fv2%2Fproduct_tag&post=12095"}],"curies":[{"name":"wp","href":"https:\/\/api.w.org\/{rel}","templated":true}]}}