{"id":12151,"date":"2025-04-18T06:54:31","date_gmt":"2025-04-18T05:54:31","guid":{"rendered":"https:\/\/www.signaturebya.com\/?post_type=product&#038;p=12151"},"modified":"2026-05-04T14:48:39","modified_gmt":"2026-05-04T13:48:39","slug":"sculpture-cutting-ball-blanche-en-ceramique-a","status":"publish","type":"product","link":"https:\/\/www.signaturebya.com\/?product=sculpture-cutting-ball-blanche-en-ceramique-a","title":{"rendered":"Sculpture &lsquo;Cutting Ball&rsquo; blanche en c\u00e9ramique A"},"content":{"rendered":"","protected":false},"excerpt":{"rendered":"<p>Cette sculpture en c\u00e9ramique, aux formes g\u00e9om\u00e9triques originales cadre parfaitement avec une d\u00e9coration d&rsquo;int\u00e9rieur minimaliste. \u00a0Vous pouvez id\u00e9alement disposer cet objet d&rsquo;art sur une console, ou sur l&rsquo;\u00e9tag\u00e8re d&rsquo;une biblioth\u00e8que au design moderne.<\/p>\n<p>Dimensions: 15.5*10.5*34.5 cm<\/p>\n","protected":false},"featured_media":12153,"comment_status":"open","ping_status":"closed","template":"","meta":[],"product_cat":[103,105,284,112],"product_tag":[],"_links":{"self":[{"href":"https:\/\/www.signaturebya.com\/index.php?rest_route=\/wp\/v2\/product\/12151"}],"collection":[{"href":"https:\/\/www.signaturebya.com\/index.php?rest_route=\/wp\/v2\/product"}],"about":[{"href":"https:\/\/www.signaturebya.com\/index.php?rest_route=\/wp\/v2\/types\/product"}],"replies":[{"embeddable":true,"href":"https:\/\/www.signaturebya.com\/index.php?rest_route=%2Fwp%2Fv2%2Fcomments&post=12151"}],"wp:featuredmedia":[{"embeddable":true,"href":"https:\/\/www.signaturebya.com\/index.php?rest_route=\/wp\/v2\/media\/12153"}],"wp:attachment":[{"href":"https:\/\/www.signaturebya.com\/index.php?rest_route=%2Fwp%2Fv2%2Fmedia&parent=12151"}],"wp:term":[{"taxonomy":"product_cat","embeddable":true,"href":"https:\/\/www.signaturebya.com\/index.php?rest_route=%2Fwp%2Fv2%2Fproduct_cat&post=12151"},{"taxonomy":"product_tag","embeddable":true,"href":"https:\/\/www.signaturebya.com\/index.php?rest_route=%2Fwp%2Fv2%2Fproduct_tag&post=12151"}],"curies":[{"name":"wp","href":"https:\/\/api.w.org\/{rel}","templated":true}]}}