{"id":12159,"date":"2025-04-18T07:21:37","date_gmt":"2025-04-18T06:21:37","guid":{"rendered":"https:\/\/www.signaturebya.com\/?post_type=product&#038;p=12159"},"modified":"2026-04-16T07:00:22","modified_gmt":"2026-04-16T06:00:22","slug":"livre-decoratif-noir-les-miserables","status":"publish","type":"product","link":"https:\/\/www.signaturebya.com\/?product=livre-decoratif-noir-les-miserables","title":{"rendered":"Livre D\u00e9coratif Noir &lsquo;Les mis\u00e9rables&rsquo;"},"content":{"rendered":"","protected":false},"excerpt":{"rendered":"<p>Livres d\u00e9coratifs, simples et beaux. Il s&rsquo;agit de vraies pages imprim\u00e9es, architecture, art etc&#8230;\u00c0 disposer en pile sur une table basse, ou en rang\u00e9es sur une belle biblioth\u00e8que.<\/p>\n<p class=\"p1\">Dimensions : 25*17 cm<\/p>\n","protected":false},"featured_media":12161,"comment_status":"open","ping_status":"closed","template":"","meta":[],"product_cat":[103,109,284,112],"product_tag":[],"_links":{"self":[{"href":"https:\/\/www.signaturebya.com\/index.php?rest_route=\/wp\/v2\/product\/12159"}],"collection":[{"href":"https:\/\/www.signaturebya.com\/index.php?rest_route=\/wp\/v2\/product"}],"about":[{"href":"https:\/\/www.signaturebya.com\/index.php?rest_route=\/wp\/v2\/types\/product"}],"replies":[{"embeddable":true,"href":"https:\/\/www.signaturebya.com\/index.php?rest_route=%2Fwp%2Fv2%2Fcomments&post=12159"}],"wp:featuredmedia":[{"embeddable":true,"href":"https:\/\/www.signaturebya.com\/index.php?rest_route=\/wp\/v2\/media\/12161"}],"wp:attachment":[{"href":"https:\/\/www.signaturebya.com\/index.php?rest_route=%2Fwp%2Fv2%2Fmedia&parent=12159"}],"wp:term":[{"taxonomy":"product_cat","embeddable":true,"href":"https:\/\/www.signaturebya.com\/index.php?rest_route=%2Fwp%2Fv2%2Fproduct_cat&post=12159"},{"taxonomy":"product_tag","embeddable":true,"href":"https:\/\/www.signaturebya.com\/index.php?rest_route=%2Fwp%2Fv2%2Fproduct_tag&post=12159"}],"curies":[{"name":"wp","href":"https:\/\/api.w.org\/{rel}","templated":true}]}}