{"id":8540,"date":"2023-03-03T07:35:50","date_gmt":"2023-03-03T06:35:50","guid":{"rendered":"https:\/\/www.signaturebya.com\/?post_type=product&#038;p=8540"},"modified":"2023-05-14T11:24:37","modified_gmt":"2023-05-14T10:24:37","slug":"vase-style-argente","status":"publish","type":"product","link":"https:\/\/www.signaturebya.com\/?product=vase-style-argente","title":{"rendered":"Vase Styl\u00e9 Argent\u00e9"},"content":{"rendered":"","protected":false},"excerpt":{"rendered":"<p>Ce vase original contribuera \u00e0 la mise en beaut\u00e9 de vos fleurs. Sans fleurs, c&rsquo;est un objet d&rsquo;art, fait-main, \u00e0 poser sur vos jolis meubles, il s\u00e9duira par l&rsquo;originalit\u00e9 de ses formes et de son style. Ce mod\u00e8le existe \u00e9galement en gris anthracite, effet vieillit. Vous pourrez les disposer l&rsquo;un \u00e0 c\u00f4t\u00e9 de l&rsquo;autre, le contraste de leurs effets les mettra encore plus en valeurs.<\/p>\n","protected":false},"featured_media":8541,"comment_status":"open","ping_status":"closed","template":"","meta":[],"product_cat":[103,104,188],"product_tag":[63,62],"_links":{"self":[{"href":"https:\/\/www.signaturebya.com\/index.php?rest_route=\/wp\/v2\/product\/8540"}],"collection":[{"href":"https:\/\/www.signaturebya.com\/index.php?rest_route=\/wp\/v2\/product"}],"about":[{"href":"https:\/\/www.signaturebya.com\/index.php?rest_route=\/wp\/v2\/types\/product"}],"replies":[{"embeddable":true,"href":"https:\/\/www.signaturebya.com\/index.php?rest_route=%2Fwp%2Fv2%2Fcomments&post=8540"}],"wp:featuredmedia":[{"embeddable":true,"href":"https:\/\/www.signaturebya.com\/index.php?rest_route=\/wp\/v2\/media\/8541"}],"wp:attachment":[{"href":"https:\/\/www.signaturebya.com\/index.php?rest_route=%2Fwp%2Fv2%2Fmedia&parent=8540"}],"wp:term":[{"taxonomy":"product_cat","embeddable":true,"href":"https:\/\/www.signaturebya.com\/index.php?rest_route=%2Fwp%2Fv2%2Fproduct_cat&post=8540"},{"taxonomy":"product_tag","embeddable":true,"href":"https:\/\/www.signaturebya.com\/index.php?rest_route=%2Fwp%2Fv2%2Fproduct_tag&post=8540"}],"curies":[{"name":"wp","href":"https:\/\/api.w.org\/{rel}","templated":true}]}}