{"id":8578,"date":"2023-03-03T18:38:15","date_gmt":"2023-03-03T17:38:15","guid":{"rendered":"https:\/\/www.signaturebya.com\/?post_type=product&#038;p=8578"},"modified":"2025-05-09T08:45:09","modified_gmt":"2025-05-09T07:45:09","slug":"sculpture-noeud-blanche","status":"publish","type":"product","link":"https:\/\/www.signaturebya.com\/?product=sculpture-noeud-blanche","title":{"rendered":"Sculpture &lsquo;Noeud&rsquo; Blanche"},"content":{"rendered":"<p>Cette jolie sculpture en forme de noeud ajoutera une petite touche tr\u00e8s chic et minimaliste \u00e0 votre d\u00e9coration d&rsquo;int\u00e9rieur. Id\u00e9alement, \u00e0 disposer sur un livre d\u00e9coratif, une table basse, une \u00e9tag\u00e8re de biblioth\u00e8que ou une console d&rsquo;entr\u00e9e. Cette pi\u00e8ce existe \u00e9galement en noir et en dor\u00e9.<\/p>\n","protected":false},"excerpt":{"rendered":"<p>Cette jolie sculpture en forme de noeud ajoutera une petite touche tr\u00e8s chic et minimaliste \u00e0 votre d\u00e9coration d&rsquo;int\u00e9rieur. Id\u00e9alement, \u00e0 disposer sur un livre d\u00e9coratif, une table basse, une \u00e9tag\u00e8re de biblioth\u00e8que ou une console d&rsquo;entr\u00e9e. Cette pi\u00e8ce existe \u00e9galement en noir et en dor\u00e9.<\/p>\n","protected":false},"featured_media":8589,"comment_status":"open","ping_status":"closed","template":"","meta":[],"product_cat":[103,105,284,112],"product_tag":[114,64,65],"_links":{"self":[{"href":"https:\/\/www.signaturebya.com\/index.php?rest_route=\/wp\/v2\/product\/8578"}],"collection":[{"href":"https:\/\/www.signaturebya.com\/index.php?rest_route=\/wp\/v2\/product"}],"about":[{"href":"https:\/\/www.signaturebya.com\/index.php?rest_route=\/wp\/v2\/types\/product"}],"replies":[{"embeddable":true,"href":"https:\/\/www.signaturebya.com\/index.php?rest_route=%2Fwp%2Fv2%2Fcomments&post=8578"}],"wp:featuredmedia":[{"embeddable":true,"href":"https:\/\/www.signaturebya.com\/index.php?rest_route=\/wp\/v2\/media\/8589"}],"wp:attachment":[{"href":"https:\/\/www.signaturebya.com\/index.php?rest_route=%2Fwp%2Fv2%2Fmedia&parent=8578"}],"wp:term":[{"taxonomy":"product_cat","embeddable":true,"href":"https:\/\/www.signaturebya.com\/index.php?rest_route=%2Fwp%2Fv2%2Fproduct_cat&post=8578"},{"taxonomy":"product_tag","embeddable":true,"href":"https:\/\/www.signaturebya.com\/index.php?rest_route=%2Fwp%2Fv2%2Fproduct_tag&post=8578"}],"curies":[{"name":"wp","href":"https:\/\/api.w.org\/{rel}","templated":true}]}}