{"id":8591,"date":"2023-03-03T19:40:50","date_gmt":"2023-03-03T18:40:50","guid":{"rendered":"https:\/\/www.signaturebya.com\/?post_type=product&#038;p=8591"},"modified":"2024-02-10T07:47:55","modified_gmt":"2024-02-10T06:47:55","slug":"cubes-decoratifs-argentes","status":"publish","type":"product","link":"https:\/\/www.signaturebya.com\/?product=cubes-decoratifs-argentes","title":{"rendered":"Cubes D\u00e9coratifs Argent\u00e9s"},"content":{"rendered":"<p>On craque pour cette sculpture originale, po\u00e9tique aux multiples lectures, sublim\u00e9e par les reflets vivants qu&rsquo;elle entretient avec la lumi\u00e8re. En associant les deux diff\u00e9rentes dimensions de cet objet unique en son style, le r\u00e9sultat ne sera que plus bluffant! Conquis?<\/p>\n<p>Existe \u00e9galement en blanc.<\/p>\n<p>&nbsp;<\/p>\n<div style=\"width: 500px;\" class=\"wp-video\"><!--[if lt IE 9]><script>document.createElement('video');<\/script><![endif]-->\n<video class=\"wp-video-shortcode\" id=\"video-8591-1\" width=\"500\" height=\"500\" preload=\"metadata\" controls=\"controls\" muted><source type=\"video\/mp4\" src=\"https:\/\/www.signaturebya.com\/wp-content\/uploads\/2023\/03\/lv_0_20230303192439.mp4?_=1\" \/><a href=\"https:\/\/www.signaturebya.com\/wp-content\/uploads\/2023\/03\/lv_0_20230303192439.mp4\">https:\/\/www.signaturebya.com\/wp-content\/uploads\/2023\/03\/lv_0_20230303192439.mp4<\/a><\/video><\/div>\n","protected":false},"excerpt":{"rendered":"<p>On craque pour cette sculpture originale, po\u00e9tique aux multiples lectures, sublim\u00e9e par les reflets vivants qu&rsquo;elle entretient avec la lumi\u00e8re. En associant les deux diff\u00e9rentes dimensions de cet objet unique en son style, le r\u00e9sultat ne sera que plus bluffant! Conquis? Existe \u00e9galement en blanc. &nbsp;<\/p>\n","protected":false},"featured_media":8596,"comment_status":"open","ping_status":"closed","template":"","meta":[],"product_cat":[103,105,188],"product_tag":[71,64,65],"_links":{"self":[{"href":"https:\/\/www.signaturebya.com\/index.php?rest_route=\/wp\/v2\/product\/8591"}],"collection":[{"href":"https:\/\/www.signaturebya.com\/index.php?rest_route=\/wp\/v2\/product"}],"about":[{"href":"https:\/\/www.signaturebya.com\/index.php?rest_route=\/wp\/v2\/types\/product"}],"replies":[{"embeddable":true,"href":"https:\/\/www.signaturebya.com\/index.php?rest_route=%2Fwp%2Fv2%2Fcomments&post=8591"}],"wp:featuredmedia":[{"embeddable":true,"href":"https:\/\/www.signaturebya.com\/index.php?rest_route=\/wp\/v2\/media\/8596"}],"wp:attachment":[{"href":"https:\/\/www.signaturebya.com\/index.php?rest_route=%2Fwp%2Fv2%2Fmedia&parent=8591"}],"wp:term":[{"taxonomy":"product_cat","embeddable":true,"href":"https:\/\/www.signaturebya.com\/index.php?rest_route=%2Fwp%2Fv2%2Fproduct_cat&post=8591"},{"taxonomy":"product_tag","embeddable":true,"href":"https:\/\/www.signaturebya.com\/index.php?rest_route=%2Fwp%2Fv2%2Fproduct_tag&post=8591"}],"curies":[{"name":"wp","href":"https:\/\/api.w.org\/{rel}","templated":true}]}}