{"id":8603,"date":"2023-03-03T19:57:05","date_gmt":"2023-03-03T18:57:05","guid":{"rendered":"https:\/\/www.signaturebya.com\/?post_type=product&#038;p=8603"},"modified":"2024-02-10T07:48:27","modified_gmt":"2024-02-10T06:48:27","slug":"cubes-decoratifs-blancs","status":"publish","type":"product","link":"https:\/\/www.signaturebya.com\/?product=cubes-decoratifs-blancs","title":{"rendered":"Cubes D\u00e9coratifs Blancs"},"content":{"rendered":"","protected":false},"excerpt":{"rendered":"<p>On craque pour cette sculpture originale, po\u00e9tique aux multiples lectures, sublim\u00e9e par les reflets vivants qu&rsquo;elle entretient avec la lumi\u00e8re. En associant les deux diff\u00e9rentes dimensions de cet objet unique en son style, le r\u00e9sultat ne sera que plus bluffant! Conquis?<\/p>\n<p>Existe en argent\u00e9<\/p>\n","protected":false},"featured_media":8597,"comment_status":"open","ping_status":"closed","template":"","meta":[],"product_cat":[103,105],"product_tag":[71,64,65],"_links":{"self":[{"href":"https:\/\/www.signaturebya.com\/index.php?rest_route=\/wp\/v2\/product\/8603"}],"collection":[{"href":"https:\/\/www.signaturebya.com\/index.php?rest_route=\/wp\/v2\/product"}],"about":[{"href":"https:\/\/www.signaturebya.com\/index.php?rest_route=\/wp\/v2\/types\/product"}],"replies":[{"embeddable":true,"href":"https:\/\/www.signaturebya.com\/index.php?rest_route=%2Fwp%2Fv2%2Fcomments&post=8603"}],"wp:featuredmedia":[{"embeddable":true,"href":"https:\/\/www.signaturebya.com\/index.php?rest_route=\/wp\/v2\/media\/8597"}],"wp:attachment":[{"href":"https:\/\/www.signaturebya.com\/index.php?rest_route=%2Fwp%2Fv2%2Fmedia&parent=8603"}],"wp:term":[{"taxonomy":"product_cat","embeddable":true,"href":"https:\/\/www.signaturebya.com\/index.php?rest_route=%2Fwp%2Fv2%2Fproduct_cat&post=8603"},{"taxonomy":"product_tag","embeddable":true,"href":"https:\/\/www.signaturebya.com\/index.php?rest_route=%2Fwp%2Fv2%2Fproduct_tag&post=8603"}],"curies":[{"name":"wp","href":"https:\/\/api.w.org\/{rel}","templated":true}]}}