{"id":8624,"date":"2023-03-06T18:27:00","date_gmt":"2023-03-06T17:27:00","guid":{"rendered":"https:\/\/www.signaturebya.com\/?post_type=product&#038;p=8624"},"modified":"2023-03-26T21:50:07","modified_gmt":"2023-03-26T20:50:07","slug":"vase-geometrique-noir","status":"publish","type":"product","link":"https:\/\/www.signaturebya.com\/?product=vase-geometrique-noir","title":{"rendered":"Vase G\u00e9om\u00e9trique Noir"},"content":{"rendered":"<p>Ce beau vase de forme tr\u00e8s originale est tout simplement intemporel. De couleur noire mat, il s&rsquo;int\u00e8gre dans toutes les ambiances int\u00e9rieures de style moderne.<\/p>\n","protected":false},"excerpt":{"rendered":"<p>Ce beau vase de forme tr\u00e8s originale est tout simplement intemporel. De couleur noire mat, il s&rsquo;int\u00e8gre dans toutes les ambiances int\u00e9rieures de style moderne.<\/p>\n","protected":false},"featured_media":8627,"comment_status":"open","ping_status":"closed","template":"","meta":[],"product_cat":[103,104],"product_tag":[64,62],"_links":{"self":[{"href":"https:\/\/www.signaturebya.com\/index.php?rest_route=\/wp\/v2\/product\/8624"}],"collection":[{"href":"https:\/\/www.signaturebya.com\/index.php?rest_route=\/wp\/v2\/product"}],"about":[{"href":"https:\/\/www.signaturebya.com\/index.php?rest_route=\/wp\/v2\/types\/product"}],"replies":[{"embeddable":true,"href":"https:\/\/www.signaturebya.com\/index.php?rest_route=%2Fwp%2Fv2%2Fcomments&post=8624"}],"wp:featuredmedia":[{"embeddable":true,"href":"https:\/\/www.signaturebya.com\/index.php?rest_route=\/wp\/v2\/media\/8627"}],"wp:attachment":[{"href":"https:\/\/www.signaturebya.com\/index.php?rest_route=%2Fwp%2Fv2%2Fmedia&parent=8624"}],"wp:term":[{"taxonomy":"product_cat","embeddable":true,"href":"https:\/\/www.signaturebya.com\/index.php?rest_route=%2Fwp%2Fv2%2Fproduct_cat&post=8624"},{"taxonomy":"product_tag","embeddable":true,"href":"https:\/\/www.signaturebya.com\/index.php?rest_route=%2Fwp%2Fv2%2Fproduct_tag&post=8624"}],"curies":[{"name":"wp","href":"https:\/\/api.w.org\/{rel}","templated":true}]}}