{"id":8635,"date":"2023-03-08T09:17:22","date_gmt":"2023-03-08T08:17:22","guid":{"rendered":"https:\/\/www.signaturebya.com\/?post_type=product&#038;p=8635"},"modified":"2024-08-30T08:51:21","modified_gmt":"2024-08-30T07:51:21","slug":"vase-beige-en-ceramique","status":"publish","type":"product","link":"https:\/\/www.signaturebya.com\/?product=vase-beige-en-ceramique","title":{"rendered":"Vase saumon en C\u00e9ramique"},"content":{"rendered":"","protected":false},"excerpt":{"rendered":"<p>Ce beau vase saumon arbore une forme organique moderne. Fabriqu\u00e9 en c\u00e9ramique, c&rsquo;est id\u00e9al pour accueillir une belle branche artificielle. La structure rugueuse \u00e0 l&rsquo;ext\u00e9rieur conf\u00e8re un style naturel \u00e0 ce beau vase.<\/p>\n<p>Les formes organiques modernes conviennent \u00e0 merveille au style Japandi, tr\u00e8s tendance en ce moment. Pour un r\u00e9sultat encore plus original, cette pi\u00e8ce est \u00e0 associer avec un vase bleu gris, du m\u00eame style, disponible sur notre boutique en ligne.<\/p>\n","protected":false},"featured_media":11339,"comment_status":"open","ping_status":"closed","template":"","meta":[],"product_cat":[103,105,104,284],"product_tag":[114,64,62],"_links":{"self":[{"href":"https:\/\/www.signaturebya.com\/index.php?rest_route=\/wp\/v2\/product\/8635"}],"collection":[{"href":"https:\/\/www.signaturebya.com\/index.php?rest_route=\/wp\/v2\/product"}],"about":[{"href":"https:\/\/www.signaturebya.com\/index.php?rest_route=\/wp\/v2\/types\/product"}],"replies":[{"embeddable":true,"href":"https:\/\/www.signaturebya.com\/index.php?rest_route=%2Fwp%2Fv2%2Fcomments&post=8635"}],"wp:featuredmedia":[{"embeddable":true,"href":"https:\/\/www.signaturebya.com\/index.php?rest_route=\/wp\/v2\/media\/11339"}],"wp:attachment":[{"href":"https:\/\/www.signaturebya.com\/index.php?rest_route=%2Fwp%2Fv2%2Fmedia&parent=8635"}],"wp:term":[{"taxonomy":"product_cat","embeddable":true,"href":"https:\/\/www.signaturebya.com\/index.php?rest_route=%2Fwp%2Fv2%2Fproduct_cat&post=8635"},{"taxonomy":"product_tag","embeddable":true,"href":"https:\/\/www.signaturebya.com\/index.php?rest_route=%2Fwp%2Fv2%2Fproduct_tag&post=8635"}],"curies":[{"name":"wp","href":"https:\/\/api.w.org\/{rel}","templated":true}]}}