{"id":8663,"date":"2023-03-10T12:29:32","date_gmt":"2023-03-10T11:29:32","guid":{"rendered":"https:\/\/www.signaturebya.com\/?post_type=product&#038;p=8663"},"modified":"2024-03-03T16:59:30","modified_gmt":"2024-03-03T15:59:30","slug":"vase-noir-et-blanc-a-carreaux","status":"publish","type":"product","link":"https:\/\/www.signaturebya.com\/?product=vase-noir-et-blanc-a-carreaux","title":{"rendered":"Vase Noir &#038; Blanc \u00e0 Carreaux"},"content":{"rendered":"","protected":false},"excerpt":{"rendered":"<p>Le noir et blanc est ind\u00e9modable. \u00c9ternellement chic, cette combinaison de couleur apporte une touche contemporaine \u00e0 votre int\u00e9rieur. La combinaison de 3 pi\u00e8ces similaires est le secret d&rsquo;un rendu unique.<\/p>\n","protected":false},"featured_media":8659,"comment_status":"open","ping_status":"closed","template":"","meta":[],"product_cat":[103,105,104,112],"product_tag":[117,116,64,118],"_links":{"self":[{"href":"https:\/\/www.signaturebya.com\/index.php?rest_route=\/wp\/v2\/product\/8663"}],"collection":[{"href":"https:\/\/www.signaturebya.com\/index.php?rest_route=\/wp\/v2\/product"}],"about":[{"href":"https:\/\/www.signaturebya.com\/index.php?rest_route=\/wp\/v2\/types\/product"}],"replies":[{"embeddable":true,"href":"https:\/\/www.signaturebya.com\/index.php?rest_route=%2Fwp%2Fv2%2Fcomments&post=8663"}],"wp:featuredmedia":[{"embeddable":true,"href":"https:\/\/www.signaturebya.com\/index.php?rest_route=\/wp\/v2\/media\/8659"}],"wp:attachment":[{"href":"https:\/\/www.signaturebya.com\/index.php?rest_route=%2Fwp%2Fv2%2Fmedia&parent=8663"}],"wp:term":[{"taxonomy":"product_cat","embeddable":true,"href":"https:\/\/www.signaturebya.com\/index.php?rest_route=%2Fwp%2Fv2%2Fproduct_cat&post=8663"},{"taxonomy":"product_tag","embeddable":true,"href":"https:\/\/www.signaturebya.com\/index.php?rest_route=%2Fwp%2Fv2%2Fproduct_tag&post=8663"}],"curies":[{"name":"wp","href":"https:\/\/api.w.org\/{rel}","templated":true}]}}