{"id":8714,"date":"2023-03-13T10:52:29","date_gmt":"2023-03-13T09:52:29","guid":{"rendered":"https:\/\/www.signaturebya.com\/?post_type=product&#038;p=8714"},"modified":"2024-08-29T08:47:22","modified_gmt":"2024-08-29T07:47:22","slug":"objet-decoratif-noir-avec-boule-en-metal","status":"publish","type":"product","link":"https:\/\/www.signaturebya.com\/?product=objet-decoratif-noir-avec-boule-en-metal","title":{"rendered":"Serre-Livres\/Objet D\u00e9coratif Noir avec Boule en M\u00e9tal"},"content":{"rendered":"","protected":false},"excerpt":{"rendered":"<p>Cette jolie figurine d\u00e9corative peut servir en tant qu&rsquo;objet d&rsquo;art \u00e0 poser sur un livre, une table basse, une console ou encore en tant que serre-livres chic et pratique. Pour les fans des articles simples, beaux et fonctionnels, cette pi\u00e8ce est pour vous:) existe \u00e9galement en couleur blanche. Pour un meilleur rendu, il est conseill\u00e9 d&rsquo;associer deux couleurs ou deux dimensions diff\u00e9rentes.<\/p>\n","protected":false},"featured_media":11326,"comment_status":"open","ping_status":"closed","template":"","meta":[],"product_cat":[103,119,105,259,284,112],"product_tag":[120,117,71,64],"_links":{"self":[{"href":"https:\/\/www.signaturebya.com\/index.php?rest_route=\/wp\/v2\/product\/8714"}],"collection":[{"href":"https:\/\/www.signaturebya.com\/index.php?rest_route=\/wp\/v2\/product"}],"about":[{"href":"https:\/\/www.signaturebya.com\/index.php?rest_route=\/wp\/v2\/types\/product"}],"replies":[{"embeddable":true,"href":"https:\/\/www.signaturebya.com\/index.php?rest_route=%2Fwp%2Fv2%2Fcomments&post=8714"}],"wp:featuredmedia":[{"embeddable":true,"href":"https:\/\/www.signaturebya.com\/index.php?rest_route=\/wp\/v2\/media\/11326"}],"wp:attachment":[{"href":"https:\/\/www.signaturebya.com\/index.php?rest_route=%2Fwp%2Fv2%2Fmedia&parent=8714"}],"wp:term":[{"taxonomy":"product_cat","embeddable":true,"href":"https:\/\/www.signaturebya.com\/index.php?rest_route=%2Fwp%2Fv2%2Fproduct_cat&post=8714"},{"taxonomy":"product_tag","embeddable":true,"href":"https:\/\/www.signaturebya.com\/index.php?rest_route=%2Fwp%2Fv2%2Fproduct_tag&post=8714"}],"curies":[{"name":"wp","href":"https:\/\/api.w.org\/{rel}","templated":true}]}}