{"id":8717,"date":"2023-03-13T11:45:02","date_gmt":"2023-03-13T10:45:02","guid":{"rendered":"https:\/\/www.signaturebya.com\/?post_type=product&#038;p=8717"},"modified":"2023-07-31T01:46:54","modified_gmt":"2023-07-31T00:46:54","slug":"cubes-transparents-avec-plume","status":"publish","type":"product","link":"https:\/\/www.signaturebya.com\/?product=cubes-transparents-avec-plume","title":{"rendered":"Cubes Transparents avec Plume"},"content":{"rendered":"","protected":false},"excerpt":{"rendered":"<p>Jolis cubes d\u00e9coratifs en r\u00e9sine, avec une belle plume \u00e0 l&rsquo;int\u00e9rieur. Il est conseill\u00e9 d&rsquo;associer les deux dimensions pour un joli rendu.<\/p>\n","protected":false},"featured_media":8718,"comment_status":"open","ping_status":"closed","template":"","meta":[],"product_cat":[119,105,113],"product_tag":[71,64,123],"_links":{"self":[{"href":"https:\/\/www.signaturebya.com\/index.php?rest_route=\/wp\/v2\/product\/8717"}],"collection":[{"href":"https:\/\/www.signaturebya.com\/index.php?rest_route=\/wp\/v2\/product"}],"about":[{"href":"https:\/\/www.signaturebya.com\/index.php?rest_route=\/wp\/v2\/types\/product"}],"replies":[{"embeddable":true,"href":"https:\/\/www.signaturebya.com\/index.php?rest_route=%2Fwp%2Fv2%2Fcomments&post=8717"}],"wp:featuredmedia":[{"embeddable":true,"href":"https:\/\/www.signaturebya.com\/index.php?rest_route=\/wp\/v2\/media\/8718"}],"wp:attachment":[{"href":"https:\/\/www.signaturebya.com\/index.php?rest_route=%2Fwp%2Fv2%2Fmedia&parent=8717"}],"wp:term":[{"taxonomy":"product_cat","embeddable":true,"href":"https:\/\/www.signaturebya.com\/index.php?rest_route=%2Fwp%2Fv2%2Fproduct_cat&post=8717"},{"taxonomy":"product_tag","embeddable":true,"href":"https:\/\/www.signaturebya.com\/index.php?rest_route=%2Fwp%2Fv2%2Fproduct_tag&post=8717"}],"curies":[{"name":"wp","href":"https:\/\/api.w.org\/{rel}","templated":true}]}}