{"id":8722,"date":"2023-03-13T11:47:50","date_gmt":"2023-03-13T10:47:50","guid":{"rendered":"https:\/\/www.signaturebya.com\/?post_type=product&#038;p=8722"},"modified":"2024-01-30T09:53:42","modified_gmt":"2024-01-30T08:53:42","slug":"cubes-transparents-avec-horloge","status":"publish","type":"product","link":"https:\/\/www.signaturebya.com\/?product=cubes-transparents-avec-horloge","title":{"rendered":"Cubes Transparents avec Horloge"},"content":{"rendered":"","protected":false},"excerpt":{"rendered":"<p>Jolis cubes d\u00e9coratifs en r\u00e9sine, avec une belle horloge \u00e0 l&rsquo;int\u00e9rieur. Il est conseill\u00e9 d&rsquo;associer les deux dimensions pour un joli rendu. Existe \u00e9galement en motif &lsquo;plume&rsquo;.<\/p>\n","protected":false},"featured_media":8719,"comment_status":"open","ping_status":"closed","template":"","meta":[],"product_cat":[103,105,113],"product_tag":[120,71,64,123],"_links":{"self":[{"href":"https:\/\/www.signaturebya.com\/index.php?rest_route=\/wp\/v2\/product\/8722"}],"collection":[{"href":"https:\/\/www.signaturebya.com\/index.php?rest_route=\/wp\/v2\/product"}],"about":[{"href":"https:\/\/www.signaturebya.com\/index.php?rest_route=\/wp\/v2\/types\/product"}],"replies":[{"embeddable":true,"href":"https:\/\/www.signaturebya.com\/index.php?rest_route=%2Fwp%2Fv2%2Fcomments&post=8722"}],"wp:featuredmedia":[{"embeddable":true,"href":"https:\/\/www.signaturebya.com\/index.php?rest_route=\/wp\/v2\/media\/8719"}],"wp:attachment":[{"href":"https:\/\/www.signaturebya.com\/index.php?rest_route=%2Fwp%2Fv2%2Fmedia&parent=8722"}],"wp:term":[{"taxonomy":"product_cat","embeddable":true,"href":"https:\/\/www.signaturebya.com\/index.php?rest_route=%2Fwp%2Fv2%2Fproduct_cat&post=8722"},{"taxonomy":"product_tag","embeddable":true,"href":"https:\/\/www.signaturebya.com\/index.php?rest_route=%2Fwp%2Fv2%2Fproduct_tag&post=8722"}],"curies":[{"name":"wp","href":"https:\/\/api.w.org\/{rel}","templated":true}]}}