{"id":8733,"date":"2023-03-13T12:08:57","date_gmt":"2023-03-13T11:08:57","guid":{"rendered":"https:\/\/www.signaturebya.com\/?post_type=product&#038;p=8733"},"modified":"2024-08-29T08:57:22","modified_gmt":"2024-08-29T07:57:22","slug":"pelote-en-verre-noir","status":"publish","type":"product","link":"https:\/\/www.signaturebya.com\/?product=pelote-en-verre-noir","title":{"rendered":"Pelotes en Verre Noir"},"content":{"rendered":"","protected":false},"excerpt":{"rendered":"<p>En noir, ces jolies sculpture en verre sont encore plus imposantes. Elles auront plus de pr\u00e9sence, mais sauront tout de m\u00eame s&rsquo;adapter \u00e0 tous les espaces de votre int\u00e9rieur. Elles existent en verre transparent, pour un style plus discret, mais tout aussi charmant, pour les fans de transparence&#8230;<\/p>\n","protected":false},"featured_media":8730,"comment_status":"open","ping_status":"closed","template":"","meta":[],"product_cat":[103,105,106,284,112],"product_tag":[114,71,64,123],"_links":{"self":[{"href":"https:\/\/www.signaturebya.com\/index.php?rest_route=\/wp\/v2\/product\/8733"}],"collection":[{"href":"https:\/\/www.signaturebya.com\/index.php?rest_route=\/wp\/v2\/product"}],"about":[{"href":"https:\/\/www.signaturebya.com\/index.php?rest_route=\/wp\/v2\/types\/product"}],"replies":[{"embeddable":true,"href":"https:\/\/www.signaturebya.com\/index.php?rest_route=%2Fwp%2Fv2%2Fcomments&post=8733"}],"wp:featuredmedia":[{"embeddable":true,"href":"https:\/\/www.signaturebya.com\/index.php?rest_route=\/wp\/v2\/media\/8730"}],"wp:attachment":[{"href":"https:\/\/www.signaturebya.com\/index.php?rest_route=%2Fwp%2Fv2%2Fmedia&parent=8733"}],"wp:term":[{"taxonomy":"product_cat","embeddable":true,"href":"https:\/\/www.signaturebya.com\/index.php?rest_route=%2Fwp%2Fv2%2Fproduct_cat&post=8733"},{"taxonomy":"product_tag","embeddable":true,"href":"https:\/\/www.signaturebya.com\/index.php?rest_route=%2Fwp%2Fv2%2Fproduct_tag&post=8733"}],"curies":[{"name":"wp","href":"https:\/\/api.w.org\/{rel}","templated":true}]}}