{"id":8738,"date":"2023-03-13T12:32:09","date_gmt":"2023-03-13T11:32:09","guid":{"rendered":"https:\/\/www.signaturebya.com\/?post_type=product&#038;p=8738"},"modified":"2024-08-31T08:55:51","modified_gmt":"2024-08-31T07:55:51","slug":"object-deco-en-verre-gris","status":"publish","type":"product","link":"https:\/\/www.signaturebya.com\/?product=object-deco-en-verre-gris","title":{"rendered":"Spinning D\u00e9co en Verre Gris"},"content":{"rendered":"","protected":false},"excerpt":{"rendered":"<p>Tr\u00e8s futuristes, ces objets en verre donnent une touche assez minimaliste \u00e0 tout endroit o\u00f9 ils sont dispos\u00e9s. Leur c\u00f4t\u00e9 original fait d&rsquo;eux un cadeau id\u00e9al pour une personne que vous affectionnez tout particuli\u00e8rement.<\/p>\n","protected":false},"featured_media":11347,"comment_status":"open","ping_status":"closed","template":"","meta":[],"product_cat":[103,105,106,284,113],"product_tag":[114,71,64,123],"_links":{"self":[{"href":"https:\/\/www.signaturebya.com\/index.php?rest_route=\/wp\/v2\/product\/8738"}],"collection":[{"href":"https:\/\/www.signaturebya.com\/index.php?rest_route=\/wp\/v2\/product"}],"about":[{"href":"https:\/\/www.signaturebya.com\/index.php?rest_route=\/wp\/v2\/types\/product"}],"replies":[{"embeddable":true,"href":"https:\/\/www.signaturebya.com\/index.php?rest_route=%2Fwp%2Fv2%2Fcomments&post=8738"}],"wp:featuredmedia":[{"embeddable":true,"href":"https:\/\/www.signaturebya.com\/index.php?rest_route=\/wp\/v2\/media\/11347"}],"wp:attachment":[{"href":"https:\/\/www.signaturebya.com\/index.php?rest_route=%2Fwp%2Fv2%2Fmedia&parent=8738"}],"wp:term":[{"taxonomy":"product_cat","embeddable":true,"href":"https:\/\/www.signaturebya.com\/index.php?rest_route=%2Fwp%2Fv2%2Fproduct_cat&post=8738"},{"taxonomy":"product_tag","embeddable":true,"href":"https:\/\/www.signaturebya.com\/index.php?rest_route=%2Fwp%2Fv2%2Fproduct_tag&post=8738"}],"curies":[{"name":"wp","href":"https:\/\/api.w.org\/{rel}","templated":true}]}}