{"id":8748,"date":"2023-03-13T20:00:27","date_gmt":"2023-03-13T19:00:27","guid":{"rendered":"https:\/\/www.signaturebya.com\/?post_type=product&#038;p=8748"},"modified":"2024-08-25T18:12:25","modified_gmt":"2024-08-25T17:12:25","slug":"porte-serviettes-noir-en-titanium","status":"publish","type":"product","link":"https:\/\/www.signaturebya.com\/?product=porte-serviettes-noir-en-titanium","title":{"rendered":"Porte-serviettes Noir en Titanium"},"content":{"rendered":"","protected":false},"excerpt":{"rendered":"<p>Un tr\u00e8s joli accessoire pour pr\u00e9senter vos serviettes de table. Ce mod\u00e8le chic en titanium miroit\u00e9 noir existe \u00e9galement en couleur chrome ainsi qu&rsquo;en dor\u00e9. Vous aurez ainsi le plaisir de choisir la couleur qui conviendra le mieux \u00e0 votre table:)<\/p>\n","protected":false},"featured_media":8749,"comment_status":"open","ping_status":"closed","template":"","meta":[],"product_cat":[103,115,105],"product_tag":[125,122,71,64],"_links":{"self":[{"href":"https:\/\/www.signaturebya.com\/index.php?rest_route=\/wp\/v2\/product\/8748"}],"collection":[{"href":"https:\/\/www.signaturebya.com\/index.php?rest_route=\/wp\/v2\/product"}],"about":[{"href":"https:\/\/www.signaturebya.com\/index.php?rest_route=\/wp\/v2\/types\/product"}],"replies":[{"embeddable":true,"href":"https:\/\/www.signaturebya.com\/index.php?rest_route=%2Fwp%2Fv2%2Fcomments&post=8748"}],"wp:featuredmedia":[{"embeddable":true,"href":"https:\/\/www.signaturebya.com\/index.php?rest_route=\/wp\/v2\/media\/8749"}],"wp:attachment":[{"href":"https:\/\/www.signaturebya.com\/index.php?rest_route=%2Fwp%2Fv2%2Fmedia&parent=8748"}],"wp:term":[{"taxonomy":"product_cat","embeddable":true,"href":"https:\/\/www.signaturebya.com\/index.php?rest_route=%2Fwp%2Fv2%2Fproduct_cat&post=8748"},{"taxonomy":"product_tag","embeddable":true,"href":"https:\/\/www.signaturebya.com\/index.php?rest_route=%2Fwp%2Fv2%2Fproduct_tag&post=8748"}],"curies":[{"name":"wp","href":"https:\/\/api.w.org\/{rel}","templated":true}]}}