{"id":8760,"date":"2023-03-13T20:01:19","date_gmt":"2023-03-13T19:01:19","guid":{"rendered":"https:\/\/www.signaturebya.com\/?post_type=product&#038;p=8760"},"modified":"2024-08-06T19:29:05","modified_gmt":"2024-08-06T18:29:05","slug":"porte-serviettes-en-metal-argente","status":"publish","type":"product","link":"https:\/\/www.signaturebya.com\/?product=porte-serviettes-en-metal-argente","title":{"rendered":"Porte-serviettes en M\u00e9tal Argent\u00e9"},"content":{"rendered":"","protected":false},"excerpt":{"rendered":"<p>Un tr\u00e8s joli accessoire pour pr\u00e9senter vos serviettes de table. Ce mod\u00e8le chic en m\u00e9tal argent\u00e9 existe \u00e9galement en titanium noir miroit\u00e9 ainsi qu&rsquo;en dor\u00e9. Vous aurez ainsi le plaisir de choisir la couleur qui conviendra le mieux \u00e0 votre table:)<\/p>\n","protected":false},"featured_media":8752,"comment_status":"open","ping_status":"closed","template":"","meta":[],"product_cat":[103,115,105,188],"product_tag":[125,122,64],"_links":{"self":[{"href":"https:\/\/www.signaturebya.com\/index.php?rest_route=\/wp\/v2\/product\/8760"}],"collection":[{"href":"https:\/\/www.signaturebya.com\/index.php?rest_route=\/wp\/v2\/product"}],"about":[{"href":"https:\/\/www.signaturebya.com\/index.php?rest_route=\/wp\/v2\/types\/product"}],"replies":[{"embeddable":true,"href":"https:\/\/www.signaturebya.com\/index.php?rest_route=%2Fwp%2Fv2%2Fcomments&post=8760"}],"wp:featuredmedia":[{"embeddable":true,"href":"https:\/\/www.signaturebya.com\/index.php?rest_route=\/wp\/v2\/media\/8752"}],"wp:attachment":[{"href":"https:\/\/www.signaturebya.com\/index.php?rest_route=%2Fwp%2Fv2%2Fmedia&parent=8760"}],"wp:term":[{"taxonomy":"product_cat","embeddable":true,"href":"https:\/\/www.signaturebya.com\/index.php?rest_route=%2Fwp%2Fv2%2Fproduct_cat&post=8760"},{"taxonomy":"product_tag","embeddable":true,"href":"https:\/\/www.signaturebya.com\/index.php?rest_route=%2Fwp%2Fv2%2Fproduct_tag&post=8760"}],"curies":[{"name":"wp","href":"https:\/\/api.w.org\/{rel}","templated":true}]}}