{"id":8808,"date":"2023-03-17T11:49:43","date_gmt":"2023-03-17T10:49:43","guid":{"rendered":"https:\/\/www.signaturebya.com\/?post_type=product&#038;p=8808"},"modified":"2025-06-05T08:38:05","modified_gmt":"2025-06-05T07:38:05","slug":"vases-tordus-noirs-en-ceramique","status":"publish","type":"product","link":"https:\/\/www.signaturebya.com\/?product=vases-tordus-noirs-en-ceramique","title":{"rendered":"Vases &lsquo;Tordus&rsquo; Noirs en C\u00e9ramique"},"content":{"rendered":"","protected":false},"excerpt":{"rendered":"<p>Ces vases \u00e0 l&rsquo;effet &lsquo;tordu&rsquo; ont un esprit minimaliste et \u00e9l\u00e9gant. Leur texture ext\u00e9rieure rugueuse leur donne une touche tout \u00e0 fait naturelle et artistique. Leur couleur noire fait qu&rsquo;ils s&rsquo;adaptent tr\u00e8s facilement \u00e0 toutes les ambiances de votre int\u00e9rieur. Peuvent \u00eatre acquis en set de deux, ou \u00e0 l&rsquo;unit\u00e9. Existent \u00e9galement en couleur blanche. <\/p>\n","protected":false},"featured_media":8804,"comment_status":"open","ping_status":"closed","template":"","meta":[],"product_cat":[103,105,104],"product_tag":[129,114,64,128,118],"_links":{"self":[{"href":"https:\/\/www.signaturebya.com\/index.php?rest_route=\/wp\/v2\/product\/8808"}],"collection":[{"href":"https:\/\/www.signaturebya.com\/index.php?rest_route=\/wp\/v2\/product"}],"about":[{"href":"https:\/\/www.signaturebya.com\/index.php?rest_route=\/wp\/v2\/types\/product"}],"replies":[{"embeddable":true,"href":"https:\/\/www.signaturebya.com\/index.php?rest_route=%2Fwp%2Fv2%2Fcomments&post=8808"}],"wp:featuredmedia":[{"embeddable":true,"href":"https:\/\/www.signaturebya.com\/index.php?rest_route=\/wp\/v2\/media\/8804"}],"wp:attachment":[{"href":"https:\/\/www.signaturebya.com\/index.php?rest_route=%2Fwp%2Fv2%2Fmedia&parent=8808"}],"wp:term":[{"taxonomy":"product_cat","embeddable":true,"href":"https:\/\/www.signaturebya.com\/index.php?rest_route=%2Fwp%2Fv2%2Fproduct_cat&post=8808"},{"taxonomy":"product_tag","embeddable":true,"href":"https:\/\/www.signaturebya.com\/index.php?rest_route=%2Fwp%2Fv2%2Fproduct_tag&post=8808"}],"curies":[{"name":"wp","href":"https:\/\/api.w.org\/{rel}","templated":true}]}}