{"id":8812,"date":"2023-03-17T12:06:30","date_gmt":"2023-03-17T11:06:30","guid":{"rendered":"https:\/\/www.signaturebya.com\/?post_type=product&#038;p=8812"},"modified":"2024-09-01T17:06:11","modified_gmt":"2024-09-01T16:06:11","slug":"vases-rocher-blancs","status":"publish","type":"product","link":"https:\/\/www.signaturebya.com\/?product=vases-rocher-blancs","title":{"rendered":"Vases &lsquo;Rocher&rsquo; Blancs"},"content":{"rendered":"","protected":false},"excerpt":{"rendered":"<p>La texture rocheuse volcanique de ces vases les rend tout simplement uniques. Fabriqu\u00e9s \u00e0 partir de gr\u00e8s, avec une gla\u00e7ure caillouteuse blanche, le r\u00e9sultat est tr\u00e8s beau. Vous pouvez y mettre vos plus belles fleurs ou les laisser se suffire \u00e0 eux-m\u00eames.<\/p>\n<p>Disponibles en deux dimensions:<\/p>\n<p class=\"p1\">20*17* 44 cm<\/p>\n<p class=\"p1\">16*14* 29 cm<\/p>\n","protected":false},"featured_media":10893,"comment_status":"open","ping_status":"closed","template":"","meta":[],"product_cat":[103,105,104,284],"product_tag":[129,114,64,128,118],"_links":{"self":[{"href":"https:\/\/www.signaturebya.com\/index.php?rest_route=\/wp\/v2\/product\/8812"}],"collection":[{"href":"https:\/\/www.signaturebya.com\/index.php?rest_route=\/wp\/v2\/product"}],"about":[{"href":"https:\/\/www.signaturebya.com\/index.php?rest_route=\/wp\/v2\/types\/product"}],"replies":[{"embeddable":true,"href":"https:\/\/www.signaturebya.com\/index.php?rest_route=%2Fwp%2Fv2%2Fcomments&post=8812"}],"wp:featuredmedia":[{"embeddable":true,"href":"https:\/\/www.signaturebya.com\/index.php?rest_route=\/wp\/v2\/media\/10893"}],"wp:attachment":[{"href":"https:\/\/www.signaturebya.com\/index.php?rest_route=%2Fwp%2Fv2%2Fmedia&parent=8812"}],"wp:term":[{"taxonomy":"product_cat","embeddable":true,"href":"https:\/\/www.signaturebya.com\/index.php?rest_route=%2Fwp%2Fv2%2Fproduct_cat&post=8812"},{"taxonomy":"product_tag","embeddable":true,"href":"https:\/\/www.signaturebya.com\/index.php?rest_route=%2Fwp%2Fv2%2Fproduct_tag&post=8812"}],"curies":[{"name":"wp","href":"https:\/\/api.w.org\/{rel}","templated":true}]}}