{"id":8817,"date":"2023-03-20T10:32:23","date_gmt":"2023-03-20T09:32:23","guid":{"rendered":"https:\/\/www.signaturebya.com\/?post_type=product&#038;p=8817"},"modified":"2024-06-20T09:27:40","modified_gmt":"2024-06-20T08:27:40","slug":"vases-en-ceramique-effet-degrade","status":"publish","type":"product","link":"https:\/\/www.signaturebya.com\/?product=vases-en-ceramique-effet-degrade","title":{"rendered":"Vases en C\u00e9ramique Effet D\u00e9grad\u00e9"},"content":{"rendered":"","protected":false},"excerpt":{"rendered":"<p>L&rsquo;effet de d\u00e9grad\u00e9 de couleurs est ce qui fait le charme de ces trois vases, de formes diff\u00e9rentes mais tout aussi originales. Alliant des tons sobres et une petite touche dor\u00e9e, ces jolis pi\u00e8ces apporteront de l&rsquo;\u00e9l\u00e9gance \u00e0 vos consoles, tables d&rsquo;appoint ou tables basses. N&rsquo;h\u00e9sitez pas \u00e0 s\u00e9lectionner la dimension qui convient le plus \u00e0 votre besoin. \u00c0 noter que l&rsquo;effet des trois ensembles les rend encore plus charmants.<\/p>\n","protected":false},"featured_media":8822,"comment_status":"open","ping_status":"closed","template":"","meta":[],"product_cat":[103,105,104],"product_tag":[129,114,64,128,118],"_links":{"self":[{"href":"https:\/\/www.signaturebya.com\/index.php?rest_route=\/wp\/v2\/product\/8817"}],"collection":[{"href":"https:\/\/www.signaturebya.com\/index.php?rest_route=\/wp\/v2\/product"}],"about":[{"href":"https:\/\/www.signaturebya.com\/index.php?rest_route=\/wp\/v2\/types\/product"}],"replies":[{"embeddable":true,"href":"https:\/\/www.signaturebya.com\/index.php?rest_route=%2Fwp%2Fv2%2Fcomments&post=8817"}],"wp:featuredmedia":[{"embeddable":true,"href":"https:\/\/www.signaturebya.com\/index.php?rest_route=\/wp\/v2\/media\/8822"}],"wp:attachment":[{"href":"https:\/\/www.signaturebya.com\/index.php?rest_route=%2Fwp%2Fv2%2Fmedia&parent=8817"}],"wp:term":[{"taxonomy":"product_cat","embeddable":true,"href":"https:\/\/www.signaturebya.com\/index.php?rest_route=%2Fwp%2Fv2%2Fproduct_cat&post=8817"},{"taxonomy":"product_tag","embeddable":true,"href":"https:\/\/www.signaturebya.com\/index.php?rest_route=%2Fwp%2Fv2%2Fproduct_tag&post=8817"}],"curies":[{"name":"wp","href":"https:\/\/api.w.org\/{rel}","templated":true}]}}