{"id":8870,"date":"2023-03-20T21:40:11","date_gmt":"2023-03-20T20:40:11","guid":{"rendered":"https:\/\/www.signaturebya.com\/?post_type=product&#038;p=8870"},"modified":"2024-09-01T17:12:35","modified_gmt":"2024-09-01T16:12:35","slug":"vases-bubble-en-verre","status":"publish","type":"product","link":"https:\/\/www.signaturebya.com\/?product=vases-bubble-en-verre","title":{"rendered":"Vases &lsquo;Bubble&rsquo; en Verre"},"content":{"rendered":"","protected":false},"excerpt":{"rendered":"<p>Les vases &lsquo;Buble&rsquo; sont tellement beaux qu&rsquo;on ne se lasse pas de les admirer! De belles pi\u00e8ces en verre travaill\u00e9es d\u00e9licatement mains, \u00e0 entreposer sur vos plus beaux meubles, dans votre plus beau salon.<\/p>\n","protected":false},"featured_media":11391,"comment_status":"open","ping_status":"closed","template":"","meta":[],"product_cat":[103,105,106,284,113],"product_tag":[114,64,65,128,132,127],"_links":{"self":[{"href":"https:\/\/www.signaturebya.com\/index.php?rest_route=\/wp\/v2\/product\/8870"}],"collection":[{"href":"https:\/\/www.signaturebya.com\/index.php?rest_route=\/wp\/v2\/product"}],"about":[{"href":"https:\/\/www.signaturebya.com\/index.php?rest_route=\/wp\/v2\/types\/product"}],"replies":[{"embeddable":true,"href":"https:\/\/www.signaturebya.com\/index.php?rest_route=%2Fwp%2Fv2%2Fcomments&post=8870"}],"wp:featuredmedia":[{"embeddable":true,"href":"https:\/\/www.signaturebya.com\/index.php?rest_route=\/wp\/v2\/media\/11391"}],"wp:attachment":[{"href":"https:\/\/www.signaturebya.com\/index.php?rest_route=%2Fwp%2Fv2%2Fmedia&parent=8870"}],"wp:term":[{"taxonomy":"product_cat","embeddable":true,"href":"https:\/\/www.signaturebya.com\/index.php?rest_route=%2Fwp%2Fv2%2Fproduct_cat&post=8870"},{"taxonomy":"product_tag","embeddable":true,"href":"https:\/\/www.signaturebya.com\/index.php?rest_route=%2Fwp%2Fv2%2Fproduct_tag&post=8870"}],"curies":[{"name":"wp","href":"https:\/\/api.w.org\/{rel}","templated":true}]}}