{"id":8909,"date":"2023-03-26T23:19:29","date_gmt":"2023-03-26T22:19:29","guid":{"rendered":"https:\/\/www.signaturebya.com\/?post_type=product&#038;p=8909"},"modified":"2023-11-23T07:54:34","modified_gmt":"2023-11-23T06:54:34","slug":"cadres-photos-en-cuir-a-petits-pois","status":"publish","type":"product","link":"https:\/\/www.signaturebya.com\/?product=cadres-photos-en-cuir-a-petits-pois","title":{"rendered":"Cadres Photos en Cuir \u00e0 petits Pois"},"content":{"rendered":"","protected":false},"excerpt":{"rendered":"<p>De tr\u00e8s jolis cadres photo en cuir, tr\u00e8s tendances \u00e0 petits pois noir et blanc. Un cadeau original \u00e0 offrir aux gens que vous aimez ou pour tout simplement pour y mettre vos plus jolies photos souvenirs.<\/p>\n","protected":false},"featured_media":8910,"comment_status":"open","ping_status":"closed","template":"","meta":[],"product_cat":[103,108,105,110,112],"product_tag":[135,117,116],"_links":{"self":[{"href":"https:\/\/www.signaturebya.com\/index.php?rest_route=\/wp\/v2\/product\/8909"}],"collection":[{"href":"https:\/\/www.signaturebya.com\/index.php?rest_route=\/wp\/v2\/product"}],"about":[{"href":"https:\/\/www.signaturebya.com\/index.php?rest_route=\/wp\/v2\/types\/product"}],"replies":[{"embeddable":true,"href":"https:\/\/www.signaturebya.com\/index.php?rest_route=%2Fwp%2Fv2%2Fcomments&post=8909"}],"wp:featuredmedia":[{"embeddable":true,"href":"https:\/\/www.signaturebya.com\/index.php?rest_route=\/wp\/v2\/media\/8910"}],"wp:attachment":[{"href":"https:\/\/www.signaturebya.com\/index.php?rest_route=%2Fwp%2Fv2%2Fmedia&parent=8909"}],"wp:term":[{"taxonomy":"product_cat","embeddable":true,"href":"https:\/\/www.signaturebya.com\/index.php?rest_route=%2Fwp%2Fv2%2Fproduct_cat&post=8909"},{"taxonomy":"product_tag","embeddable":true,"href":"https:\/\/www.signaturebya.com\/index.php?rest_route=%2Fwp%2Fv2%2Fproduct_tag&post=8909"}],"curies":[{"name":"wp","href":"https:\/\/api.w.org\/{rel}","templated":true}]}}