{"id":8914,"date":"2023-03-26T23:24:41","date_gmt":"2023-03-26T22:24:41","guid":{"rendered":"https:\/\/www.signaturebya.com\/?post_type=product&#038;p=8914"},"modified":"2024-01-30T09:53:40","modified_gmt":"2024-01-30T08:53:40","slug":"cadre-photo-en-cuir-et-metal-gris-clair","status":"publish","type":"product","link":"https:\/\/www.signaturebya.com\/?product=cadre-photo-en-cuir-et-metal-gris-clair","title":{"rendered":"Cadre Photo en Cuir et M\u00e9tal Gris Clair"},"content":{"rendered":"","protected":false},"excerpt":{"rendered":"<p>Tr\u00e8s chic cadre photo en cuir gris clair. Une petite touche de m\u00e9tal apporte encore plus de classe \u00e0 ce bel objet d\u00e9coratif.<\/p>\n","protected":false},"featured_media":8915,"comment_status":"open","ping_status":"closed","template":"","meta":[],"product_cat":[103,108,105],"product_tag":[135,136,117,122],"_links":{"self":[{"href":"https:\/\/www.signaturebya.com\/index.php?rest_route=\/wp\/v2\/product\/8914"}],"collection":[{"href":"https:\/\/www.signaturebya.com\/index.php?rest_route=\/wp\/v2\/product"}],"about":[{"href":"https:\/\/www.signaturebya.com\/index.php?rest_route=\/wp\/v2\/types\/product"}],"replies":[{"embeddable":true,"href":"https:\/\/www.signaturebya.com\/index.php?rest_route=%2Fwp%2Fv2%2Fcomments&post=8914"}],"wp:featuredmedia":[{"embeddable":true,"href":"https:\/\/www.signaturebya.com\/index.php?rest_route=\/wp\/v2\/media\/8915"}],"wp:attachment":[{"href":"https:\/\/www.signaturebya.com\/index.php?rest_route=%2Fwp%2Fv2%2Fmedia&parent=8914"}],"wp:term":[{"taxonomy":"product_cat","embeddable":true,"href":"https:\/\/www.signaturebya.com\/index.php?rest_route=%2Fwp%2Fv2%2Fproduct_cat&post=8914"},{"taxonomy":"product_tag","embeddable":true,"href":"https:\/\/www.signaturebya.com\/index.php?rest_route=%2Fwp%2Fv2%2Fproduct_tag&post=8914"}],"curies":[{"name":"wp","href":"https:\/\/api.w.org\/{rel}","templated":true}]}}