{"id":8920,"date":"2023-03-26T23:43:57","date_gmt":"2023-03-26T22:43:57","guid":{"rendered":"https:\/\/www.signaturebya.com\/?post_type=product&#038;p=8920"},"modified":"2023-05-27T22:04:49","modified_gmt":"2023-05-27T21:04:49","slug":"cadres-photos-en-cuir-gris-noir","status":"publish","type":"product","link":"https:\/\/www.signaturebya.com\/?product=cadres-photos-en-cuir-gris-noir","title":{"rendered":"Cadres Photos en Cuir Gris &#038; Noir"},"content":{"rendered":"","protected":false},"excerpt":{"rendered":"<p>De tr\u00e8s jolis cadres photo en cuir, tr\u00e8s tendances en gris clair avec une petite touche de m\u00e9tal noir. Un cadeau original \u00e0 offrir aux gens que vous aimez ou pour tout simplement pour y mettre vos plus jolies photos souvenirs.<\/p>\n","protected":false},"featured_media":8924,"comment_status":"open","ping_status":"closed","template":"","meta":[],"product_cat":[103,108,105,110,112],"product_tag":[135,117,116],"_links":{"self":[{"href":"https:\/\/www.signaturebya.com\/index.php?rest_route=\/wp\/v2\/product\/8920"}],"collection":[{"href":"https:\/\/www.signaturebya.com\/index.php?rest_route=\/wp\/v2\/product"}],"about":[{"href":"https:\/\/www.signaturebya.com\/index.php?rest_route=\/wp\/v2\/types\/product"}],"replies":[{"embeddable":true,"href":"https:\/\/www.signaturebya.com\/index.php?rest_route=%2Fwp%2Fv2%2Fcomments&post=8920"}],"wp:featuredmedia":[{"embeddable":true,"href":"https:\/\/www.signaturebya.com\/index.php?rest_route=\/wp\/v2\/media\/8924"}],"wp:attachment":[{"href":"https:\/\/www.signaturebya.com\/index.php?rest_route=%2Fwp%2Fv2%2Fmedia&parent=8920"}],"wp:term":[{"taxonomy":"product_cat","embeddable":true,"href":"https:\/\/www.signaturebya.com\/index.php?rest_route=%2Fwp%2Fv2%2Fproduct_cat&post=8920"},{"taxonomy":"product_tag","embeddable":true,"href":"https:\/\/www.signaturebya.com\/index.php?rest_route=%2Fwp%2Fv2%2Fproduct_tag&post=8920"}],"curies":[{"name":"wp","href":"https:\/\/api.w.org\/{rel}","templated":true}]}}