{"id":8928,"date":"2023-03-26T23:56:23","date_gmt":"2023-03-26T22:56:23","guid":{"rendered":"https:\/\/www.signaturebya.com\/?post_type=product&#038;p=8928"},"modified":"2023-03-27T21:08:50","modified_gmt":"2023-03-27T20:08:50","slug":"cadre-photo-blanc-effet-tissu","status":"publish","type":"product","link":"https:\/\/www.signaturebya.com\/?product=cadre-photo-blanc-effet-tissu","title":{"rendered":"Cadre Photo Blanc Effet Tissu"},"content":{"rendered":"","protected":false},"excerpt":{"rendered":"<p>Tr\u00e8s chic cadre photo effet tissu blanc. Une petite touche de m\u00e9tal apporte encore plus de classe \u00e0 ce bel objet d\u00e9coratif.<\/p>\n","protected":false},"featured_media":8929,"comment_status":"open","ping_status":"closed","template":"","meta":[],"product_cat":[103,108,105],"product_tag":[135,136,117,122],"_links":{"self":[{"href":"https:\/\/www.signaturebya.com\/index.php?rest_route=\/wp\/v2\/product\/8928"}],"collection":[{"href":"https:\/\/www.signaturebya.com\/index.php?rest_route=\/wp\/v2\/product"}],"about":[{"href":"https:\/\/www.signaturebya.com\/index.php?rest_route=\/wp\/v2\/types\/product"}],"replies":[{"embeddable":true,"href":"https:\/\/www.signaturebya.com\/index.php?rest_route=%2Fwp%2Fv2%2Fcomments&post=8928"}],"wp:featuredmedia":[{"embeddable":true,"href":"https:\/\/www.signaturebya.com\/index.php?rest_route=\/wp\/v2\/media\/8929"}],"wp:attachment":[{"href":"https:\/\/www.signaturebya.com\/index.php?rest_route=%2Fwp%2Fv2%2Fmedia&parent=8928"}],"wp:term":[{"taxonomy":"product_cat","embeddable":true,"href":"https:\/\/www.signaturebya.com\/index.php?rest_route=%2Fwp%2Fv2%2Fproduct_cat&post=8928"},{"taxonomy":"product_tag","embeddable":true,"href":"https:\/\/www.signaturebya.com\/index.php?rest_route=%2Fwp%2Fv2%2Fproduct_tag&post=8928"}],"curies":[{"name":"wp","href":"https:\/\/api.w.org\/{rel}","templated":true}]}}