{"id":8930,"date":"2023-03-27T21:32:23","date_gmt":"2023-03-27T20:32:23","guid":{"rendered":"https:\/\/www.signaturebya.com\/?post_type=product&#038;p=8930"},"modified":"2024-06-04T11:41:26","modified_gmt":"2024-06-04T10:41:26","slug":"pots-decoratifs-en-ceramique","status":"publish","type":"product","link":"https:\/\/www.signaturebya.com\/?product=pots-decoratifs-en-ceramique","title":{"rendered":"Pots D\u00e9coratifs en C\u00e9ramique"},"content":{"rendered":"","protected":false},"excerpt":{"rendered":"<p>De tr\u00e8s jolies pi\u00e8ces en c\u00e9ramique \u00e0 disposer sur vos belles tables basses, consoles ou biblioth\u00e8que. Leur forme ondul\u00e9e les rend tout \u00e0 fait charmantes et leur texture ext\u00e9rieure granuleuse leur donne une touche simplement naturelle.<\/p>\n","protected":false},"featured_media":8935,"comment_status":"open","ping_status":"closed","template":"","meta":[],"product_cat":[103,105,111],"product_tag":[125,129,71,64],"_links":{"self":[{"href":"https:\/\/www.signaturebya.com\/index.php?rest_route=\/wp\/v2\/product\/8930"}],"collection":[{"href":"https:\/\/www.signaturebya.com\/index.php?rest_route=\/wp\/v2\/product"}],"about":[{"href":"https:\/\/www.signaturebya.com\/index.php?rest_route=\/wp\/v2\/types\/product"}],"replies":[{"embeddable":true,"href":"https:\/\/www.signaturebya.com\/index.php?rest_route=%2Fwp%2Fv2%2Fcomments&post=8930"}],"wp:featuredmedia":[{"embeddable":true,"href":"https:\/\/www.signaturebya.com\/index.php?rest_route=\/wp\/v2\/media\/8935"}],"wp:attachment":[{"href":"https:\/\/www.signaturebya.com\/index.php?rest_route=%2Fwp%2Fv2%2Fmedia&parent=8930"}],"wp:term":[{"taxonomy":"product_cat","embeddable":true,"href":"https:\/\/www.signaturebya.com\/index.php?rest_route=%2Fwp%2Fv2%2Fproduct_cat&post=8930"},{"taxonomy":"product_tag","embeddable":true,"href":"https:\/\/www.signaturebya.com\/index.php?rest_route=%2Fwp%2Fv2%2Fproduct_tag&post=8930"}],"curies":[{"name":"wp","href":"https:\/\/api.w.org\/{rel}","templated":true}]}}