{"id":8941,"date":"2023-03-27T21:56:39","date_gmt":"2023-03-27T20:56:39","guid":{"rendered":"https:\/\/www.signaturebya.com\/?post_type=product&#038;p=8941"},"modified":"2024-06-20T18:13:49","modified_gmt":"2024-06-20T17:13:49","slug":"boites-decoratives-en-cuir-metal-gris-fonce","status":"publish","type":"product","link":"https:\/\/www.signaturebya.com\/?product=boites-decoratives-en-cuir-metal-gris-fonce","title":{"rendered":"Boites D\u00e9coratives en Cuir &#038; M\u00e9tal Gris Fonc\u00e9"},"content":{"rendered":"","protected":false},"excerpt":{"rendered":"<p>Tr\u00e8s belles bo\u00eetes d\u00e9coratives en cuir gris textur\u00e9 avec une touche en m\u00e9tal qui les rend ind\u00e9niablement chics et raffin\u00e9es. \u00c0 poser avec fiert\u00e9 sur vos tables basses ou meubles. Il est conseill\u00e9 de les associer avec le joli cadre photo assorti. Les trois pi\u00e8ces seraient une excellente id\u00e9e cadeau aux \u00eatres que vous appr\u00e9ciez particuli\u00e8rement:)<\/p>\n","protected":false},"featured_media":8945,"comment_status":"open","ping_status":"closed","template":"","meta":[],"product_cat":[103,105],"product_tag":[117,71,64],"_links":{"self":[{"href":"https:\/\/www.signaturebya.com\/index.php?rest_route=\/wp\/v2\/product\/8941"}],"collection":[{"href":"https:\/\/www.signaturebya.com\/index.php?rest_route=\/wp\/v2\/product"}],"about":[{"href":"https:\/\/www.signaturebya.com\/index.php?rest_route=\/wp\/v2\/types\/product"}],"replies":[{"embeddable":true,"href":"https:\/\/www.signaturebya.com\/index.php?rest_route=%2Fwp%2Fv2%2Fcomments&post=8941"}],"wp:featuredmedia":[{"embeddable":true,"href":"https:\/\/www.signaturebya.com\/index.php?rest_route=\/wp\/v2\/media\/8945"}],"wp:attachment":[{"href":"https:\/\/www.signaturebya.com\/index.php?rest_route=%2Fwp%2Fv2%2Fmedia&parent=8941"}],"wp:term":[{"taxonomy":"product_cat","embeddable":true,"href":"https:\/\/www.signaturebya.com\/index.php?rest_route=%2Fwp%2Fv2%2Fproduct_cat&post=8941"},{"taxonomy":"product_tag","embeddable":true,"href":"https:\/\/www.signaturebya.com\/index.php?rest_route=%2Fwp%2Fv2%2Fproduct_tag&post=8941"}],"curies":[{"name":"wp","href":"https:\/\/api.w.org\/{rel}","templated":true}]}}