{"id":8946,"date":"2023-03-27T22:01:34","date_gmt":"2023-03-27T21:01:34","guid":{"rendered":"https:\/\/www.signaturebya.com\/?post_type=product&#038;p=8946"},"modified":"2025-06-02T07:24:38","modified_gmt":"2025-06-02T06:24:38","slug":"boites-decoratives-a-petits-pois","status":"publish","type":"product","link":"https:\/\/www.signaturebya.com\/?product=boites-decoratives-a-petits-pois","title":{"rendered":"Boites D\u00e9coratives \u00e0 Petits Pois"},"content":{"rendered":"","protected":false},"excerpt":{"rendered":"<p>Tr\u00e8s belles bo\u00eetes d\u00e9coratives en cuir \u00e0 petits pois noirs et blancs super tendance! \u00c0 poser avec fiert\u00e9 sur vos tables basses ou meubles. Il est conseill\u00e9 de les associer avec le joli cadre photo assorti. Les trois pi\u00e8ces seraient une excellente id\u00e9e cadeau aux \u00eatres que vous appr\u00e9ciez particuli\u00e8rement:)<\/p>\n","protected":false},"featured_media":8950,"comment_status":"open","ping_status":"closed","template":"","meta":[],"product_cat":[103,105,112],"product_tag":[117,71,64],"_links":{"self":[{"href":"https:\/\/www.signaturebya.com\/index.php?rest_route=\/wp\/v2\/product\/8946"}],"collection":[{"href":"https:\/\/www.signaturebya.com\/index.php?rest_route=\/wp\/v2\/product"}],"about":[{"href":"https:\/\/www.signaturebya.com\/index.php?rest_route=\/wp\/v2\/types\/product"}],"replies":[{"embeddable":true,"href":"https:\/\/www.signaturebya.com\/index.php?rest_route=%2Fwp%2Fv2%2Fcomments&post=8946"}],"wp:featuredmedia":[{"embeddable":true,"href":"https:\/\/www.signaturebya.com\/index.php?rest_route=\/wp\/v2\/media\/8950"}],"wp:attachment":[{"href":"https:\/\/www.signaturebya.com\/index.php?rest_route=%2Fwp%2Fv2%2Fmedia&parent=8946"}],"wp:term":[{"taxonomy":"product_cat","embeddable":true,"href":"https:\/\/www.signaturebya.com\/index.php?rest_route=%2Fwp%2Fv2%2Fproduct_cat&post=8946"},{"taxonomy":"product_tag","embeddable":true,"href":"https:\/\/www.signaturebya.com\/index.php?rest_route=%2Fwp%2Fv2%2Fproduct_tag&post=8946"}],"curies":[{"name":"wp","href":"https:\/\/api.w.org\/{rel}","templated":true}]}}