{"id":9085,"date":"2023-03-31T22:55:30","date_gmt":"2023-03-31T21:55:30","guid":{"rendered":"https:\/\/www.signaturebya.com\/?post_type=product&#038;p=9085"},"modified":"2024-09-01T16:02:43","modified_gmt":"2024-09-01T15:02:43","slug":"boules-transparentes-en-verre","status":"publish","type":"product","link":"https:\/\/www.signaturebya.com\/?product=boules-transparentes-en-verre","title":{"rendered":"Boules Transparentes en Verre"},"content":{"rendered":"","protected":false},"excerpt":{"rendered":"<p>Magnifiques boules en verre fait main&#8230;elles s&rsquo;accorderont aux ambiances de tous les espaces gr\u00e2ce \u00e0 leur transparence. Des petites merveilles disponibles en deux diam\u00e8tres diff\u00e9rents. L&rsquo;id\u00e9al est de poser les deux ensembles, pour un r\u00e9sultat encore plus charmant!<\/p>\n","protected":false},"featured_media":11373,"comment_status":"closed","ping_status":"closed","template":"","meta":[],"product_cat":[103,105,106,284,110,113],"product_tag":[117,160,127],"_links":{"self":[{"href":"https:\/\/www.signaturebya.com\/index.php?rest_route=\/wp\/v2\/product\/9085"}],"collection":[{"href":"https:\/\/www.signaturebya.com\/index.php?rest_route=\/wp\/v2\/product"}],"about":[{"href":"https:\/\/www.signaturebya.com\/index.php?rest_route=\/wp\/v2\/types\/product"}],"replies":[{"embeddable":true,"href":"https:\/\/www.signaturebya.com\/index.php?rest_route=%2Fwp%2Fv2%2Fcomments&post=9085"}],"wp:featuredmedia":[{"embeddable":true,"href":"https:\/\/www.signaturebya.com\/index.php?rest_route=\/wp\/v2\/media\/11373"}],"wp:attachment":[{"href":"https:\/\/www.signaturebya.com\/index.php?rest_route=%2Fwp%2Fv2%2Fmedia&parent=9085"}],"wp:term":[{"taxonomy":"product_cat","embeddable":true,"href":"https:\/\/www.signaturebya.com\/index.php?rest_route=%2Fwp%2Fv2%2Fproduct_cat&post=9085"},{"taxonomy":"product_tag","embeddable":true,"href":"https:\/\/www.signaturebya.com\/index.php?rest_route=%2Fwp%2Fv2%2Fproduct_tag&post=9085"}],"curies":[{"name":"wp","href":"https:\/\/api.w.org\/{rel}","templated":true}]}}