{"id":9097,"date":"2023-04-02T16:01:45","date_gmt":"2023-04-02T15:01:45","guid":{"rendered":"https:\/\/www.signaturebya.com\/?post_type=product&#038;p=9097"},"modified":"2024-06-20T18:20:41","modified_gmt":"2024-06-20T17:20:41","slug":"vase-en-ceramique-ecrasee-rayures-verticales","status":"publish","type":"product","link":"https:\/\/www.signaturebya.com\/?product=vase-en-ceramique-ecrasee-rayures-verticales","title":{"rendered":"Vase en C\u00e9ramique \u00c9cras\u00e9e Rayures Horizontales"},"content":{"rendered":"","protected":false},"excerpt":{"rendered":"<p>Ce vase en c\u00e9ramique beige attire l&rsquo;attention gr\u00e2ce \u00e0 sa forme sp\u00e9ciale, donnant l&rsquo;impression d\u00eatre &lsquo;\u00e9cras\u00e9&rsquo;. Id\u00e9al pour un cadeau bien original:)<\/p>\n<p>&nbsp;<\/p>\n","protected":false},"featured_media":9106,"comment_status":"closed","ping_status":"closed","template":"","meta":[],"product_cat":[103,105,104],"product_tag":[114,71,64,62],"_links":{"self":[{"href":"https:\/\/www.signaturebya.com\/index.php?rest_route=\/wp\/v2\/product\/9097"}],"collection":[{"href":"https:\/\/www.signaturebya.com\/index.php?rest_route=\/wp\/v2\/product"}],"about":[{"href":"https:\/\/www.signaturebya.com\/index.php?rest_route=\/wp\/v2\/types\/product"}],"replies":[{"embeddable":true,"href":"https:\/\/www.signaturebya.com\/index.php?rest_route=%2Fwp%2Fv2%2Fcomments&post=9097"}],"wp:featuredmedia":[{"embeddable":true,"href":"https:\/\/www.signaturebya.com\/index.php?rest_route=\/wp\/v2\/media\/9106"}],"wp:attachment":[{"href":"https:\/\/www.signaturebya.com\/index.php?rest_route=%2Fwp%2Fv2%2Fmedia&parent=9097"}],"wp:term":[{"taxonomy":"product_cat","embeddable":true,"href":"https:\/\/www.signaturebya.com\/index.php?rest_route=%2Fwp%2Fv2%2Fproduct_cat&post=9097"},{"taxonomy":"product_tag","embeddable":true,"href":"https:\/\/www.signaturebya.com\/index.php?rest_route=%2Fwp%2Fv2%2Fproduct_tag&post=9097"}],"curies":[{"name":"wp","href":"https:\/\/api.w.org\/{rel}","templated":true}]}}