{"id":9109,"date":"2023-04-02T17:49:16","date_gmt":"2023-04-02T16:49:16","guid":{"rendered":"https:\/\/www.signaturebya.com\/?post_type=product&#038;p=9109"},"modified":"2024-10-20T13:31:24","modified_gmt":"2024-10-20T12:31:24","slug":"vase-pirouten-resine","status":"publish","type":"product","link":"https:\/\/www.signaturebya.com\/?product=vase-pirouten-resine","title":{"rendered":"Vase &lsquo;Pirout&rsquo;en R\u00e9sine"},"content":{"rendered":"","protected":false},"excerpt":{"rendered":"<p>On dirait qu&rsquo;il danse&#8230;\u00c0 la fois immobile et virevoltant en d\u00e9vorant d&rsquo;\u00e9nergie, ce vase en r\u00e9sine exprime un design particulier oscillant entre l&rsquo;impr\u00e9visible et l&rsquo;in\u00e9gal. Une silhouette \u00e9pur\u00e9e, d\u00e9tonnante et d\u00e9contract\u00e9e qui ne peut qu&rsquo;\u00e9tonner.<\/p>\n<p>Tr\u00e8s gracieux avec des fleurs, il imprimera aussi dans votre int\u00e9rieur une remarquable identit\u00e9 en tant qu&rsquo;objet d\u00e9co.<\/p>\n","protected":false},"featured_media":9117,"comment_status":"closed","ping_status":"closed","template":"","meta":[],"product_cat":[119,105,110,111],"product_tag":[117,64,126,102,131],"_links":{"self":[{"href":"https:\/\/www.signaturebya.com\/index.php?rest_route=\/wp\/v2\/product\/9109"}],"collection":[{"href":"https:\/\/www.signaturebya.com\/index.php?rest_route=\/wp\/v2\/product"}],"about":[{"href":"https:\/\/www.signaturebya.com\/index.php?rest_route=\/wp\/v2\/types\/product"}],"replies":[{"embeddable":true,"href":"https:\/\/www.signaturebya.com\/index.php?rest_route=%2Fwp%2Fv2%2Fcomments&post=9109"}],"wp:featuredmedia":[{"embeddable":true,"href":"https:\/\/www.signaturebya.com\/index.php?rest_route=\/wp\/v2\/media\/9117"}],"wp:attachment":[{"href":"https:\/\/www.signaturebya.com\/index.php?rest_route=%2Fwp%2Fv2%2Fmedia&parent=9109"}],"wp:term":[{"taxonomy":"product_cat","embeddable":true,"href":"https:\/\/www.signaturebya.com\/index.php?rest_route=%2Fwp%2Fv2%2Fproduct_cat&post=9109"},{"taxonomy":"product_tag","embeddable":true,"href":"https:\/\/www.signaturebya.com\/index.php?rest_route=%2Fwp%2Fv2%2Fproduct_tag&post=9109"}],"curies":[{"name":"wp","href":"https:\/\/api.w.org\/{rel}","templated":true}]}}