{"id":9121,"date":"2023-04-02T18:13:49","date_gmt":"2023-04-02T17:13:49","guid":{"rendered":"https:\/\/www.signaturebya.com\/?post_type=product&#038;p=9121"},"modified":"2024-06-20T18:20:43","modified_gmt":"2024-06-20T17:20:43","slug":"le-vase-bouteille-en-ceramique-argente","status":"publish","type":"product","link":"https:\/\/www.signaturebya.com\/?product=le-vase-bouteille-en-ceramique-argente","title":{"rendered":"Le vase &lsquo;Bouteille&rsquo; en C\u00e9ramique Argent\u00e9"},"content":{"rendered":"","protected":false},"excerpt":{"rendered":"<p>Ce vase \u00e0 la forme tr\u00e8s particuli\u00e8re est tr\u00e8s charmant. Ses courbes s&rsquo;approchent l\u00e9g\u00e8rement de la forme d&rsquo;une bouteille, ce qui le rend encore plus original. Ce mod\u00e8le existe en deux dimensions diff\u00e9rentes et repr\u00e9sente un tr\u00e8s joli cadeau \u00e0 offrir.<\/p>\n<p>&nbsp;<\/p>\n","protected":false},"featured_media":9122,"comment_status":"closed","ping_status":"closed","template":"","meta":[],"product_cat":[103,104,188],"product_tag":[117,71,64,118],"_links":{"self":[{"href":"https:\/\/www.signaturebya.com\/index.php?rest_route=\/wp\/v2\/product\/9121"}],"collection":[{"href":"https:\/\/www.signaturebya.com\/index.php?rest_route=\/wp\/v2\/product"}],"about":[{"href":"https:\/\/www.signaturebya.com\/index.php?rest_route=\/wp\/v2\/types\/product"}],"replies":[{"embeddable":true,"href":"https:\/\/www.signaturebya.com\/index.php?rest_route=%2Fwp%2Fv2%2Fcomments&post=9121"}],"wp:featuredmedia":[{"embeddable":true,"href":"https:\/\/www.signaturebya.com\/index.php?rest_route=\/wp\/v2\/media\/9122"}],"wp:attachment":[{"href":"https:\/\/www.signaturebya.com\/index.php?rest_route=%2Fwp%2Fv2%2Fmedia&parent=9121"}],"wp:term":[{"taxonomy":"product_cat","embeddable":true,"href":"https:\/\/www.signaturebya.com\/index.php?rest_route=%2Fwp%2Fv2%2Fproduct_cat&post=9121"},{"taxonomy":"product_tag","embeddable":true,"href":"https:\/\/www.signaturebya.com\/index.php?rest_route=%2Fwp%2Fv2%2Fproduct_tag&post=9121"}],"curies":[{"name":"wp","href":"https:\/\/api.w.org\/{rel}","templated":true}]}}