{"id":9169,"date":"2023-04-16T23:10:14","date_gmt":"2023-04-16T22:10:14","guid":{"rendered":"https:\/\/www.signaturebya.com\/?post_type=product&#038;p=9169"},"modified":"2023-10-23T08:34:26","modified_gmt":"2023-10-23T07:34:26","slug":"tasse-et-sous-tasse-en-porcelaine-motif-dore","status":"publish","type":"product","link":"https:\/\/www.signaturebya.com\/?product=tasse-et-sous-tasse-en-porcelaine-motif-dore","title":{"rendered":"Tasse et Sous-Tasse en Porcelaine &lsquo;Bouche Dor\u00e9e&rsquo;"},"content":{"rendered":"","protected":false},"excerpt":{"rendered":"<p>Une tr\u00e8s jolie tasse avec sous-tasse en porcelaine de haute qualit\u00e9. Le motif abstrait est en dor\u00e9, existe \u00e9galement en noir.<\/p>\n","protected":false},"featured_media":9170,"comment_status":"closed","ping_status":"closed","template":"","meta":[],"product_cat":[103,115],"product_tag":[],"_links":{"self":[{"href":"https:\/\/www.signaturebya.com\/index.php?rest_route=\/wp\/v2\/product\/9169"}],"collection":[{"href":"https:\/\/www.signaturebya.com\/index.php?rest_route=\/wp\/v2\/product"}],"about":[{"href":"https:\/\/www.signaturebya.com\/index.php?rest_route=\/wp\/v2\/types\/product"}],"replies":[{"embeddable":true,"href":"https:\/\/www.signaturebya.com\/index.php?rest_route=%2Fwp%2Fv2%2Fcomments&post=9169"}],"wp:featuredmedia":[{"embeddable":true,"href":"https:\/\/www.signaturebya.com\/index.php?rest_route=\/wp\/v2\/media\/9170"}],"wp:attachment":[{"href":"https:\/\/www.signaturebya.com\/index.php?rest_route=%2Fwp%2Fv2%2Fmedia&parent=9169"}],"wp:term":[{"taxonomy":"product_cat","embeddable":true,"href":"https:\/\/www.signaturebya.com\/index.php?rest_route=%2Fwp%2Fv2%2Fproduct_cat&post=9169"},{"taxonomy":"product_tag","embeddable":true,"href":"https:\/\/www.signaturebya.com\/index.php?rest_route=%2Fwp%2Fv2%2Fproduct_tag&post=9169"}],"curies":[{"name":"wp","href":"https:\/\/api.w.org\/{rel}","templated":true}]}}