{"id":9183,"date":"2023-04-16T23:46:49","date_gmt":"2023-04-16T22:46:49","guid":{"rendered":"https:\/\/www.signaturebya.com\/?post_type=product&#038;p=9183"},"modified":"2024-09-01T16:08:05","modified_gmt":"2024-09-01T15:08:05","slug":"tasse-et-sous-tasse-en-porcelaine-oeil-noir","status":"publish","type":"product","link":"https:\/\/www.signaturebya.com\/?product=tasse-et-sous-tasse-en-porcelaine-oeil-noir","title":{"rendered":"Tasse et Sous-Tasse en Porcelaine &lsquo;Oeil Noir&rsquo;"},"content":{"rendered":"","protected":false},"excerpt":{"rendered":"<p>Une tr\u00e8s jolie tasse avec sous-tasse en porcelaine de haute qualit\u00e9. Le motif abstrait est en noir, existe \u00e9galement en dor\u00e9.<\/p>\n","protected":false},"featured_media":9173,"comment_status":"closed","ping_status":"closed","template":"","meta":[],"product_cat":[103,115,284],"product_tag":[],"_links":{"self":[{"href":"https:\/\/www.signaturebya.com\/index.php?rest_route=\/wp\/v2\/product\/9183"}],"collection":[{"href":"https:\/\/www.signaturebya.com\/index.php?rest_route=\/wp\/v2\/product"}],"about":[{"href":"https:\/\/www.signaturebya.com\/index.php?rest_route=\/wp\/v2\/types\/product"}],"replies":[{"embeddable":true,"href":"https:\/\/www.signaturebya.com\/index.php?rest_route=%2Fwp%2Fv2%2Fcomments&post=9183"}],"wp:featuredmedia":[{"embeddable":true,"href":"https:\/\/www.signaturebya.com\/index.php?rest_route=\/wp\/v2\/media\/9173"}],"wp:attachment":[{"href":"https:\/\/www.signaturebya.com\/index.php?rest_route=%2Fwp%2Fv2%2Fmedia&parent=9183"}],"wp:term":[{"taxonomy":"product_cat","embeddable":true,"href":"https:\/\/www.signaturebya.com\/index.php?rest_route=%2Fwp%2Fv2%2Fproduct_cat&post=9183"},{"taxonomy":"product_tag","embeddable":true,"href":"https:\/\/www.signaturebya.com\/index.php?rest_route=%2Fwp%2Fv2%2Fproduct_tag&post=9183"}],"curies":[{"name":"wp","href":"https:\/\/api.w.org\/{rel}","templated":true}]}}