{"id":9193,"date":"2023-04-25T20:04:52","date_gmt":"2023-04-25T19:04:52","guid":{"rendered":"https:\/\/www.signaturebya.com\/?post_type=product&#038;p=9193"},"modified":"2024-09-27T15:57:29","modified_gmt":"2024-09-27T14:57:29","slug":"tasse-et-sous-tasse-en-porcelaine-tordue","status":"publish","type":"product","link":"https:\/\/www.signaturebya.com\/?product=tasse-et-sous-tasse-en-porcelaine-tordue","title":{"rendered":"Tasse et Sous-Tasse en Porcelaine &lsquo;Tordue&rsquo;"},"content":{"rendered":"","protected":false},"excerpt":{"rendered":"<p>Une tasse &lsquo;tordue&rsquo; tr\u00e8s originale et tr\u00e8s design pour prendre un bon caf\u00e9 en famille ou entre amis. Existe en blanc, bleu et couleur sable.<\/p>\n","protected":false},"featured_media":9199,"comment_status":"closed","ping_status":"closed","template":"","meta":[],"product_cat":[103,115,284],"product_tag":[],"_links":{"self":[{"href":"https:\/\/www.signaturebya.com\/index.php?rest_route=\/wp\/v2\/product\/9193"}],"collection":[{"href":"https:\/\/www.signaturebya.com\/index.php?rest_route=\/wp\/v2\/product"}],"about":[{"href":"https:\/\/www.signaturebya.com\/index.php?rest_route=\/wp\/v2\/types\/product"}],"replies":[{"embeddable":true,"href":"https:\/\/www.signaturebya.com\/index.php?rest_route=%2Fwp%2Fv2%2Fcomments&post=9193"}],"wp:featuredmedia":[{"embeddable":true,"href":"https:\/\/www.signaturebya.com\/index.php?rest_route=\/wp\/v2\/media\/9199"}],"wp:attachment":[{"href":"https:\/\/www.signaturebya.com\/index.php?rest_route=%2Fwp%2Fv2%2Fmedia&parent=9193"}],"wp:term":[{"taxonomy":"product_cat","embeddable":true,"href":"https:\/\/www.signaturebya.com\/index.php?rest_route=%2Fwp%2Fv2%2Fproduct_cat&post=9193"},{"taxonomy":"product_tag","embeddable":true,"href":"https:\/\/www.signaturebya.com\/index.php?rest_route=%2Fwp%2Fv2%2Fproduct_tag&post=9193"}],"curies":[{"name":"wp","href":"https:\/\/api.w.org\/{rel}","templated":true}]}}