{"id":9201,"date":"2023-04-25T20:16:51","date_gmt":"2023-04-25T19:16:51","guid":{"rendered":"https:\/\/www.signaturebya.com\/?post_type=product&#038;p=9201"},"modified":"2024-03-03T11:43:30","modified_gmt":"2024-03-03T10:43:30","slug":"le-ring-mug","status":"publish","type":"product","link":"https:\/\/www.signaturebya.com\/?product=le-ring-mug","title":{"rendered":"Le &lsquo;Ring&rsquo; Mug"},"content":{"rendered":"","protected":false},"excerpt":{"rendered":"<p>Une tasse &lsquo;tordue&rsquo; tr\u00e8s originale et tr\u00e8s design pour prendre un bon caf\u00e9 en famille ou entre amis. Existe en blanc, bleu et couleur sable.<\/p>\n","protected":false},"featured_media":9206,"comment_status":"closed","ping_status":"closed","template":"","meta":[],"product_cat":[103,115],"product_tag":[],"_links":{"self":[{"href":"https:\/\/www.signaturebya.com\/index.php?rest_route=\/wp\/v2\/product\/9201"}],"collection":[{"href":"https:\/\/www.signaturebya.com\/index.php?rest_route=\/wp\/v2\/product"}],"about":[{"href":"https:\/\/www.signaturebya.com\/index.php?rest_route=\/wp\/v2\/types\/product"}],"replies":[{"embeddable":true,"href":"https:\/\/www.signaturebya.com\/index.php?rest_route=%2Fwp%2Fv2%2Fcomments&post=9201"}],"wp:featuredmedia":[{"embeddable":true,"href":"https:\/\/www.signaturebya.com\/index.php?rest_route=\/wp\/v2\/media\/9206"}],"wp:attachment":[{"href":"https:\/\/www.signaturebya.com\/index.php?rest_route=%2Fwp%2Fv2%2Fmedia&parent=9201"}],"wp:term":[{"taxonomy":"product_cat","embeddable":true,"href":"https:\/\/www.signaturebya.com\/index.php?rest_route=%2Fwp%2Fv2%2Fproduct_cat&post=9201"},{"taxonomy":"product_tag","embeddable":true,"href":"https:\/\/www.signaturebya.com\/index.php?rest_route=%2Fwp%2Fv2%2Fproduct_tag&post=9201"}],"curies":[{"name":"wp","href":"https:\/\/api.w.org\/{rel}","templated":true}]}}