{"id":9208,"date":"2023-04-25T20:41:35","date_gmt":"2023-04-25T19:41:35","guid":{"rendered":"https:\/\/www.signaturebya.com\/?post_type=product&#038;p=9208"},"modified":"2024-02-10T07:49:46","modified_gmt":"2024-02-10T06:49:46","slug":"pomme-argentee-en-ceramique","status":"publish","type":"product","link":"https:\/\/www.signaturebya.com\/?product=pomme-argentee-en-ceramique","title":{"rendered":"Pomme Argent\u00e9e en C\u00e9ramique"},"content":{"rendered":"","protected":false},"excerpt":{"rendered":"<p>Tr\u00e8s jolie petite pomme \u00e0 poser une votre table basse, console ou table d&rsquo;appoint, un objet de d\u00e9coration tr\u00e8s tendance:)<\/p>\n","protected":false},"featured_media":9219,"comment_status":"closed","ping_status":"closed","template":"","meta":[],"product_cat":[103,105,188],"product_tag":[117,160,127],"_links":{"self":[{"href":"https:\/\/www.signaturebya.com\/index.php?rest_route=\/wp\/v2\/product\/9208"}],"collection":[{"href":"https:\/\/www.signaturebya.com\/index.php?rest_route=\/wp\/v2\/product"}],"about":[{"href":"https:\/\/www.signaturebya.com\/index.php?rest_route=\/wp\/v2\/types\/product"}],"replies":[{"embeddable":true,"href":"https:\/\/www.signaturebya.com\/index.php?rest_route=%2Fwp%2Fv2%2Fcomments&post=9208"}],"wp:featuredmedia":[{"embeddable":true,"href":"https:\/\/www.signaturebya.com\/index.php?rest_route=\/wp\/v2\/media\/9219"}],"wp:attachment":[{"href":"https:\/\/www.signaturebya.com\/index.php?rest_route=%2Fwp%2Fv2%2Fmedia&parent=9208"}],"wp:term":[{"taxonomy":"product_cat","embeddable":true,"href":"https:\/\/www.signaturebya.com\/index.php?rest_route=%2Fwp%2Fv2%2Fproduct_cat&post=9208"},{"taxonomy":"product_tag","embeddable":true,"href":"https:\/\/www.signaturebya.com\/index.php?rest_route=%2Fwp%2Fv2%2Fproduct_tag&post=9208"}],"curies":[{"name":"wp","href":"https:\/\/api.w.org\/{rel}","templated":true}]}}