{"id":9306,"date":"2023-05-02T15:58:46","date_gmt":"2023-05-02T14:58:46","guid":{"rendered":"https:\/\/www.signaturebya.com\/?post_type=product&#038;p=9306"},"modified":"2024-09-08T21:54:55","modified_gmt":"2024-09-08T20:54:55","slug":"sculpture-formes-geometriques-blanche","status":"publish","type":"product","link":"https:\/\/www.signaturebya.com\/?product=sculpture-formes-geometriques-blanche","title":{"rendered":"Sculpture Formes G\u00e9om\u00e9triques Blanche"},"content":{"rendered":"","protected":false},"excerpt":{"rendered":"<p>Cette sculpture en r\u00e9sine, aux formes g\u00e9om\u00e9triques originales cadre parfaitement avec une d\u00e9coration d&rsquo;int\u00e9rieur minimaliste. \u00a0Vous pouvez id\u00e9alement disposer cet objet d&rsquo;art sur une console, ou sur l&rsquo;\u00e9tag\u00e8re d&rsquo;une biblioth\u00e8que au design moderne.<\/p>\n<p>&nbsp;<\/p>\n","protected":false},"featured_media":11329,"comment_status":"open","ping_status":"closed","template":"","meta":[],"product_cat":[103,119,105,284,112],"product_tag":[],"_links":{"self":[{"href":"https:\/\/www.signaturebya.com\/index.php?rest_route=\/wp\/v2\/product\/9306"}],"collection":[{"href":"https:\/\/www.signaturebya.com\/index.php?rest_route=\/wp\/v2\/product"}],"about":[{"href":"https:\/\/www.signaturebya.com\/index.php?rest_route=\/wp\/v2\/types\/product"}],"replies":[{"embeddable":true,"href":"https:\/\/www.signaturebya.com\/index.php?rest_route=%2Fwp%2Fv2%2Fcomments&post=9306"}],"wp:featuredmedia":[{"embeddable":true,"href":"https:\/\/www.signaturebya.com\/index.php?rest_route=\/wp\/v2\/media\/11329"}],"wp:attachment":[{"href":"https:\/\/www.signaturebya.com\/index.php?rest_route=%2Fwp%2Fv2%2Fmedia&parent=9306"}],"wp:term":[{"taxonomy":"product_cat","embeddable":true,"href":"https:\/\/www.signaturebya.com\/index.php?rest_route=%2Fwp%2Fv2%2Fproduct_cat&post=9306"},{"taxonomy":"product_tag","embeddable":true,"href":"https:\/\/www.signaturebya.com\/index.php?rest_route=%2Fwp%2Fv2%2Fproduct_tag&post=9306"}],"curies":[{"name":"wp","href":"https:\/\/api.w.org\/{rel}","templated":true}]}}