{"id":9319,"date":"2023-05-02T21:10:26","date_gmt":"2023-05-02T20:10:26","guid":{"rendered":"https:\/\/www.signaturebya.com\/?post_type=product&#038;p=9319"},"modified":"2024-09-08T21:52:05","modified_gmt":"2024-09-08T20:52:05","slug":"objet-decoratif-argente-a-3-pieds","status":"publish","type":"product","link":"https:\/\/www.signaturebya.com\/?product=objet-decoratif-argente-a-3-pieds","title":{"rendered":"Objet D\u00e9coratif Argent\u00e9 \u00e0 3 Pieds"},"content":{"rendered":"","protected":false},"excerpt":{"rendered":"<p>Une magnifique sculpture en r\u00e9sine, unique en son genre, un vrai travail artistique, fait main. Une excellente id\u00e9e cadeau!<\/p>\n<p>&nbsp;<\/p>\n","protected":false},"featured_media":9322,"comment_status":"open","ping_status":"closed","template":"","meta":[],"product_cat":[103,119,105,188,111],"product_tag":[],"_links":{"self":[{"href":"https:\/\/www.signaturebya.com\/index.php?rest_route=\/wp\/v2\/product\/9319"}],"collection":[{"href":"https:\/\/www.signaturebya.com\/index.php?rest_route=\/wp\/v2\/product"}],"about":[{"href":"https:\/\/www.signaturebya.com\/index.php?rest_route=\/wp\/v2\/types\/product"}],"replies":[{"embeddable":true,"href":"https:\/\/www.signaturebya.com\/index.php?rest_route=%2Fwp%2Fv2%2Fcomments&post=9319"}],"wp:featuredmedia":[{"embeddable":true,"href":"https:\/\/www.signaturebya.com\/index.php?rest_route=\/wp\/v2\/media\/9322"}],"wp:attachment":[{"href":"https:\/\/www.signaturebya.com\/index.php?rest_route=%2Fwp%2Fv2%2Fmedia&parent=9319"}],"wp:term":[{"taxonomy":"product_cat","embeddable":true,"href":"https:\/\/www.signaturebya.com\/index.php?rest_route=%2Fwp%2Fv2%2Fproduct_cat&post=9319"},{"taxonomy":"product_tag","embeddable":true,"href":"https:\/\/www.signaturebya.com\/index.php?rest_route=%2Fwp%2Fv2%2Fproduct_tag&post=9319"}],"curies":[{"name":"wp","href":"https:\/\/api.w.org\/{rel}","templated":true}]}}